{"id":1391,"date":"2025-01-07T14:47:03","date_gmt":"2025-01-07T14:47:03","guid":{"rendered":"https:\/\/gawl.eu\/?page_id=1391"},"modified":"2025-02-11T14:25:25","modified_gmt":"2025-02-11T14:25:25","slug":"the-life-that-remains","status":"publish","type":"page","link":"https:\/\/gawl.eu\/en\/the-life-that-remains\/","title":{"rendered":"The life that remains"},"content":{"rendered":"[et_pb_section fb_built=\u00a0\u00bb1&Prime; _builder_version=\u00a0\u00bb4.27.4&Prime; _module_preset=\u00a0\u00bbdefault\u00a0\u00bb global_colors_info=\u00a0\u00bb{}\u00a0\u00bb][et_pb_row _builder_version=\u00a0\u00bb4.21.0&Prime; _module_preset=\u00a0\u00bbdefault\u00a0\u00bb global_colors_info=\u00a0\u00bb{}\u00a0\u00bb][et_pb_column type=\u00a0\u00bb4_4&Prime; _builder_version=\u00a0\u00bb4.21.0&Prime; _module_preset=\u00a0\u00bbdefault\u00a0\u00bb global_colors_info=\u00a0\u00bb{}\u00a0\u00bb][et_pb_text _builder_version=\u00a0\u00bb4.27.4&Prime; _module_preset=\u00a0\u00bbdefault\u00a0\u00bb text_font_size=\u00a0\u00bb13px\u00a0\u00bb header_font_size=\u00a0\u00bb48px\u00a0\u00bb global_colors_info=\u00a0\u00bb{}\u00a0\u00bb]<h1 style=\"text-align: center\"><strong>The Life That Remains<\/strong><\/h1>\n<p style=\"text-align: center\"><span style=\"font-size: xx-large\">(La Vie Qui Nous Reste)<\/span><\/p>\n<h3 style=\"text-align: center\"><strong><span><\/span><\/strong><\/h3>\n<h3 style=\"text-align: center\"><strong><span><\/span><\/strong><\/h3>\n<h3 style=\"text-align: center\"><strong><span><\/span><\/strong><\/h3>\n<h3 style=\"text-align: center\"><strong><span><\/span><\/strong><\/h3>\n<p><strong><\/strong><\/p>\n<h3 style=\"text-align: center\"><strong><span>Director: Dorra Zarrouk \u00a0<\/span><span><\/span><\/strong><\/h3>[\/et_pb_text][\/et_pb_column][\/et_pb_row][et_pb_row _builder_version=\u00a0\u00bb4.27.4&Prime; _module_preset=\u00a0\u00bbdefault\u00a0\u00bb custom_margin=\u00a0\u00bb|auto|-7px|auto||\u00a0\u00bb custom_padding=\u00a0\u00bb9px||8px|||\u00a0\u00bb global_colors_info=\u00a0\u00bb{}\u00a0\u00bb][et_pb_column type=\u00a0\u00bb4_4&Prime; _builder_version=\u00a0\u00bb4.27.4&Prime; _module_preset=\u00a0\u00bbdefault\u00a0\u00bb global_colors_info=\u00a0\u00bb{}\u00a0\u00bb][et_pb_code _builder_version=\u00a0\u00bb4.27.4&Prime; _module_preset=\u00a0\u00bbdefault\u00a0\u00bb global_colors_info=\u00a0\u00bb{}\u00a0\u00bb]<div id=\"wpfp_c376d27ffd9970bf5eb075c4c47df5fa\" data-item=\"{&quot;sources&quot;:[{&quot;src&quot;:&quot;https:\\\/\\\/gawl.eu\\\/wp-content\\\/uploads\\\/sites\\\/41\\\/2025\\\/01\\\/the-life-floutted-4.mp4&quot;,&quot;type&quot;:&quot;video\\\/mp4&quot;}],&quot;id&quot;:&quot;10&quot;,&quot;splash&quot;:&quot;https:\\\/\\\/gawl.eu\\\/wp-content\\\/uploads\\\/sites\\\/41\\\/2025\\\/01\\\/wain-sorna.jpg&quot;,&quot;subtitles&quot;:[{&quot;srclang&quot;:&quot;fr&quot;,&quot;label&quot;:&quot;Fran\\u00e7ais&quot;,&quot;src&quot;:&quot;https:\\\/\\\/gawl.eu\\\/wp-content\\\/uploads\\\/sites\\\/41\\\/2025\\\/01\\\/The-life-that-remains-fr-1.srt&quot;,&quot;fv_default&quot;:true},{&quot;srclang&quot;:&quot;en&quot;,&quot;label&quot;:&quot;English&quot;,&quot;src&quot;:&quot;https:\\\/\\\/gawl.eu\\\/wp-content\\\/uploads\\\/sites\\\/41\\\/2025\\\/01\\\/The-life-that-remains-fr_EN-US.srt&quot;},{&quot;srclang&quot;:&quot;nl&quot;,&quot;label&quot;:&quot;Nederlands&quot;,&quot;src&quot;:&quot;https:\\\/\\\/gawl.eu\\\/wp-content\\\/uploads\\\/sites\\\/41\\\/2025\\\/01\\\/The-life-that-remains-fr_NL.srt&quot;},{&quot;srclang&quot;:&quot;it&quot;,&quot;label&quot;:&quot;Italiano&quot;,&quot;src&quot;:&quot;https:\\\/\\\/gawl.eu\\\/wp-content\\\/uploads\\\/sites\\\/41\\\/2025\\\/01\\\/The-life-that-remains-fr_IT.srt&quot;},{&quot;srclang&quot;:&quot;de&quot;,&quot;label&quot;:&quot;Deutsch&quot;,&quot;src&quot;:&quot;https:\\\/\\\/gawl.eu\\\/wp-content\\\/uploads\\\/sites\\\/41\\\/2025\\\/01\\\/The-life-that-remains-fr_DE.srt&quot;},{&quot;srclang&quot;:&quot;es&quot;,&quot;label&quot;:&quot;Espa\\u00f1ol&quot;,&quot;src&quot;:&quot;https:\\\/\\\/gawl.eu\\\/wp-content\\\/uploads\\\/sites\\\/41\\\/2025\\\/01\\\/The-life-that-remains-fr_SP.srt&quot;},{&quot;srclang&quot;:&quot;ar&quot;,&quot;label&quot;:&quot;\\u0627\\u0644\\u0639\\u0631\\u0628\\u064a\\u0629&quot;,&quot;src&quot;:&quot;https:\\\/\\\/gawl.eu\\\/wp-content\\\/uploads\\\/sites\\\/41\\\/2025\\\/01\\\/The-life-that-remains-fr_AR.srt&quot;}]}\" class=\"flowplayer no-brand is-splash is-paused skin-slim no-svg fp-slim fp-edgy\" style=\"position:relative; max-width: 1280px; max-height: 720px; \" data-ratio=\"0.5625\" data-player-id=\"10\" data-fv_stats_data=\"{&quot;player_id&quot;:&quot;10&quot;,&quot;post_id&quot;:1391}\">\n\t<div class=\"fp-ratio\" style=\"padding-top: 56.25%\"><\/div>\n\t<img decoding=\"async\" class=\"fp-splash\" alt=\"video\" src=\"https:\/\/gawl.eu\/wp-content\/uploads\/sites\/41\/2025\/01\/wain-sorna.jpg\" style=\"position:absolute;top:0;width:100%\" \/>\n\t<div class=\"fp-ui\"><noscript>Please enable JavaScript<\/noscript><div class=\"fp-play fp-visible\"><svg class=\"fp-play-sharp-fill\" xmlns=\"http:\/\/www.w3.org\/2000\/svg\" viewbox=\"0 0 100 100\"><defs><style>.fp-color-play{opacity:0.65;}.controlbutton{fill:#fff;}<\/style><\/defs><title>play-sharp-fill<\/title><path class=\"fp-color-play\" d=\"M49.9217-.078a50,50,0,1,0,50,50A50.0564,50.0564,0,0,0,49.9217-.078Z\"\/><polygon class=\"controlbutton\" points=\"73.601 50 37.968 70.573 37.968 29.427 73.601 50\" filter=\"url(#f1)\"\/><\/svg><\/div><div class=\"fp-preload\"><b><\/b><b><\/b><b><\/b><b><\/b><\/div><\/div>\n<div class='fvp-share-bar'><ul class=\"fvp-sharing\">\r\n    <li><a class=\"sharing-facebook\" href=\"https:\/\/www.facebook.com\/sharer\/sharer.php?u=https%3A%2F%2Fgawl.eu%2Fen%2Fthe-life-that-remains%2F\" target=\"_blank\"><\/a><\/li>\r\n    <li><a class=\"sharing-twitter\" href=\"https:\/\/twitter.com\/intent\/tweet?text=GAWL+&url=https%3A%2F%2Fgawl.eu%2Fen%2Fthe-life-that-remains%2F\" target=\"_blank\"><\/a><\/li>\r\n    <li><a class=\"sharing-email\" href=\"mailto:?body=Check%20out%20the%20amazing%20video%20here%3A%20https%3A%2F%2Fgawl.eu%2Fen%2Fthe-life-that-remains%2F\" target=\"_blank\"><\/a><\/li><\/ul><div><a class=\"sharing-link\" href=\"https:\/\/gawl.eu\/en\/the-life-that-remains\/\" target=\"_blank\">Link<\/a><\/div><\/div>\n<\/div>\n[\/et_pb_code][\/et_pb_column][\/et_pb_row][et_pb_row _builder_version=\u00a0\u00bb4.21.0&Prime; _module_preset=\u00a0\u00bbdefault\u00a0\u00bb global_colors_info=\u00a0\u00bb{}\u00a0\u00bb][et_pb_column type=\u00a0\u00bb4_4&Prime; _builder_version=\u00a0\u00bb4.21.0&Prime; _module_preset=\u00a0\u00bbdefault\u00a0\u00bb global_colors_info=\u00a0\u00bb{}\u00a0\u00bb][et_pb_text _builder_version=\u00a0\u00bb4.27.4&Prime; _module_preset=\u00a0\u00bbdefault\u00a0\u00bb text_font=\u00a0\u00bbPoppins||||||||\u00a0\u00bb text_text_color=\u00a0\u00bb#000000&Prime; text_font_size=\u00a0\u00bb20px\u00a0\u00bb text_line_height=\u00a0\u00bb1.8em\u00a0\u00bb header_font_size=\u00a0\u00bb20px\u00a0\u00bb text_orientation=\u00a0\u00bbcenter\u00a0\u00bb custom_margin=\u00a0\u00bb-9px|||||\u00a0\u00bb custom_padding=\u00a0\u00bb7px|||||\u00a0\u00bb global_colors_info=\u00a0\u00bb{}\u00a0\u00bb]<p style=\"text-align: center\"><strong>The debut cinematic project of the talented Dorra Zarrouk marks an exciting new chapter in the career of this brilliant actress, whose impressive portfolio includes over 40 series and more than 20 films.<\/strong><\/p>[\/et_pb_text][\/et_pb_column][\/et_pb_row][et_pb_row column_structure=\u00a0\u00bb1_2,1_2&Prime; _builder_version=\u00a0\u00bb4.21.0&Prime; _module_preset=\u00a0\u00bbdefault\u00a0\u00bb min_height=\u00a0\u00bb373.5px\u00a0\u00bb custom_padding=\u00a0\u00bb8px|||||\u00a0\u00bb global_colors_info=\u00a0\u00bb{}\u00a0\u00bb][et_pb_column type=\u00a0\u00bb1_2&Prime; _builder_version=\u00a0\u00bb4.21.0&Prime; _module_preset=\u00a0\u00bbdefault\u00a0\u00bb global_colors_info=\u00a0\u00bb{}\u00a0\u00bb][et_pb_text _builder_version=\u00a0\u00bb4.27.4&Prime; _module_preset=\u00a0\u00bbdefault\u00a0\u00bb global_colors_info=\u00a0\u00bb{}\u00a0\u00bb]<p style=\"text-align: left\"><strong>Director<\/strong>: Dorra Zarrouk<\/p>\n<p style=\"text-align: left\"><strong>Country<\/strong>: Palestine\/Egypt<\/p>\n<p style=\"text-align: left\"><strong>Genre<\/strong>: Documentary<\/p>\n<p style=\"text-align: left\"><strong>Duration<\/strong>: 79 min<\/p>\n<p style=\"text-align: left\"><strong>Language<\/strong>: Arabic<\/p>\n<p style=\"text-align: left\"><strong>Subtitles<\/strong>: French, English, Spanish, Italien, German, Dutch<\/p>\n<p style=\"text-align: left\"><strong>Year of production<\/strong>: 2024<\/p>\n<p style=\"text-align: left\"><strong>Production<\/strong>: New Phase Production<\/p>[\/et_pb_text][\/et_pb_column][et_pb_column type=\u00a0\u00bb1_2&Prime; _builder_version=\u00a0\u00bb4.27.4&Prime; _module_preset=\u00a0\u00bbdefault\u00a0\u00bb global_colors_info=\u00a0\u00bb{}\u00a0\u00bb][et_pb_text _builder_version=\u00a0\u00bb4.27.4&Prime; _module_preset=\u00a0\u00bbdefault\u00a0\u00bb global_colors_info=\u00a0\u00bb{}\u00a0\u00bb]<p style=\"text-align: left\"><strong>Logline: <\/strong>A Palestinian family, uprooted from Gaza after the October 7th 2023 war, navigates loss, resilience, and hope as they dream of returning to a homeland shattered by destruction and displacement.<\/p>\n<p style=\"text-align: left\"><strong>Synopsis<\/strong>: This documentary tells the story of a Palestinian family\u2014parents and eight children\u2014who fled Gaza to Egypt three months after the October 7, 2023, war. Among them is Nadine, a young mother of twin daughters born after years of struggle to conceive. The family faces the loss of their home, belongings, and loved ones left in Gaza, a place they cherished as their small, warm world.<\/p>\n<p style=\"text-align: left\"><span>Now displaced in Egypt, they dream of returning to their homeland, but Gaza\u2019s destruction casts doubt on their future, evoking the tragedy of a second Nakba. Carrying the symbolic key to their destroyed home, they grapple with the loss of a place they may never return to. Through emotional reflections and images, the film immortalizes their journey, including Nadine\u2019s secret visit to Jerusalem to give birth to her twin daughters and the family\u2019s departure through the Rafah crossing.<\/span><\/p>\n<p style=\"text-align: left\"><\/p>[\/et_pb_text][\/et_pb_column][\/et_pb_row][\/et_pb_section]","protected":false},"excerpt":{"rendered":"<p>The Life That Remains (La Vie Qui Nous Reste) R\u00e9alisatrice: Dorra Zarrouk \u00a0<div id=\"wpfp_427583ef2f517ae96383ecd4f6db8636\" data-item=\"{&quot;sources&quot;:[{&quot;src&quot;:&quot;https:\\\/\\\/gawl.eu\\\/wp-content\\\/uploads\\\/sites\\\/41\\\/2025\\\/01\\\/the-life-floutted-4.mp4&quot;,&quot;type&quot;:&quot;video\\\/mp4&quot;}],&quot;id&quot;:&quot;10&quot;,&quot;splash&quot;:&quot;https:\\\/\\\/gawl.eu\\\/wp-content\\\/uploads\\\/sites\\\/41\\\/2025\\\/01\\\/wain-sorna.jpg&quot;,&quot;subtitles&quot;:[{&quot;srclang&quot;:&quot;fr&quot;,&quot;label&quot;:&quot;Fran\\u00e7ais&quot;,&quot;src&quot;:&quot;https:\\\/\\\/gawl.eu\\\/wp-content\\\/uploads\\\/sites\\\/41\\\/2025\\\/01\\\/The-life-that-remains-fr-1.srt&quot;,&quot;fv_default&quot;:true},{&quot;srclang&quot;:&quot;en&quot;,&quot;label&quot;:&quot;English&quot;,&quot;src&quot;:&quot;https:\\\/\\\/gawl.eu\\\/wp-content\\\/uploads\\\/sites\\\/41\\\/2025\\\/01\\\/The-life-that-remains-fr_EN-US.srt&quot;},{&quot;srclang&quot;:&quot;nl&quot;,&quot;label&quot;:&quot;Nederlands&quot;,&quot;src&quot;:&quot;https:\\\/\\\/gawl.eu\\\/wp-content\\\/uploads\\\/sites\\\/41\\\/2025\\\/01\\\/The-life-that-remains-fr_NL.srt&quot;},{&quot;srclang&quot;:&quot;it&quot;,&quot;label&quot;:&quot;Italiano&quot;,&quot;src&quot;:&quot;https:\\\/\\\/gawl.eu\\\/wp-content\\\/uploads\\\/sites\\\/41\\\/2025\\\/01\\\/The-life-that-remains-fr_IT.srt&quot;},{&quot;srclang&quot;:&quot;de&quot;,&quot;label&quot;:&quot;Deutsch&quot;,&quot;src&quot;:&quot;https:\\\/\\\/gawl.eu\\\/wp-content\\\/uploads\\\/sites\\\/41\\\/2025\\\/01\\\/The-life-that-remains-fr_DE.srt&quot;},{&quot;srclang&quot;:&quot;es&quot;,&quot;label&quot;:&quot;Espa\\u00f1ol&quot;,&quot;src&quot;:&quot;https:\\\/\\\/gawl.eu\\\/wp-content\\\/uploads\\\/sites\\\/41\\\/2025\\\/01\\\/The-life-that-remains-fr_SP.srt&quot;},{&quot;srclang&quot;:&quot;ar&quot;,&quot;label&quot;:&quot;\\u0627\\u0644\\u0639\\u0631\\u0628\\u064a\\u0629&quot;,&quot;src&quot;:&quot;https:\\\/\\\/gawl.eu\\\/wp-content\\\/uploads\\\/sites\\\/41\\\/2025\\\/01\\\/The-life-that-remains-fr_AR.srt&quot;}]}\" class=\"flowplayer no-brand is-splash is-paused skin-slim no-svg fp-slim fp-edgy\" style=\"position:relative; max-width: 1280px; max-height: 720px; \" data-ratio=\"0.5625\" data-player-id=\"10\" data-fv_stats_data=\"{&quot;player_id&quot;:&quot;10&quot;,&quot;post_id&quot;:1391}\">\n\t<div class=\"fp-ratio\" style=\"padding-top: 56.25%\"><\/div>\n\t<img decoding=\"async\" class=\"fp-splash\" alt=\"video\" src=\"https:\/\/gawl.eu\/wp-content\/uploads\/sites\/41\/2025\/01\/wain-sorna.jpg\" style=\"position:absolute;top:0;width:100%\" \/>\n\t<div class=\"fp-ui\"><noscript>Please enable JavaScript<\/noscript><div class=\"fp-play fp-visible\"><svg class=\"fp-play-sharp-fill\" xmlns=\"http:\/\/www.w3.org\/2000\/svg\" viewbox=\"0 0 100 100\"><defs><style>.fp-color-play{opacity:0.65;}.controlbutton{fill:#fff;}<\/style><\/defs><title>play-sharp-fill<\/title><path class=\"fp-color-play\" d=\"M49.9217-.078a50,50,0,1,0,50,50A50.0564,50.0564,0,0,0,49.9217-.078Z\"\/><polygon class=\"controlbutton\" points=\"73.601 50 37.968 70.573 37.968 29.427 73.601 50\" filter=\"url(#f1)\"\/><\/svg><\/div><div class=\"fp-preload\"><b><\/b><b><\/b><b><\/b><b><\/b><\/div><\/div>\n<div class='fvp-share-bar'><ul class=\"fvp-sharing\">\r\n    <li><a class=\"sharing-facebook\" href=\"https:\/\/www.facebook.com\/sharer\/sharer.php?u=https%3A%2F%2Fgawl.eu%2Fen%2Fthe-life-that-remains%2F\" target=\"_blank\"><\/a><\/li>\r\n    <li><a class=\"sharing-twitter\" href=\"https:\/\/twitter.com\/intent\/tweet?text=GAWL+&url=https%3A%2F%2Fgawl.eu%2Fen%2Fthe-life-that-remains%2F\" target=\"_blank\"><\/a><\/li>\r\n    <li><a class=\"sharing-email\" href=\"mailto:?body=Check%20out%20the%20amazing%20video%20here%3A%20https%3A%2F%2Fgawl.eu%2Fen%2Fthe-life-that-remains%2F\" target=\"_blank\"><\/a><\/li><\/ul><div><a class=\"sharing-link\" href=\"https:\/\/gawl.eu\/en\/the-life-that-remains\/\" target=\"_blank\">Link<\/a><\/div><\/div>\n<\/div>\nPremi\u00e8re r\u00e9alisation cin\u00e9matographique de la talentueuse Dorra Zarrouk, actrice brillante au parcours impressionnant avec plus de 40 s\u00e9ries et plus de 20 films \u00e0 son actif.R\u00e9alisation: Dorra Zarrouk Pays: Palestine\/\u00c9gypte Genre: Documentaire Dur\u00e9e: 79 min Langue: Arabe Sous-titres: Fran\u00e7ais, Anglais, Espagnol, Italien, [&hellip;]<\/p>","protected":false},"author":14,"featured_media":1504,"parent":0,"menu_order":0,"comment_status":"closed","ping_status":"closed","template":"","meta":{"_et_pb_use_builder":"on","_et_pb_old_content":"","_et_gb_content_width":"","content-type":"","footnotes":""},"class_list":["post-1391","page","type-page","status-publish","has-post-thumbnail","hentry"],"yoast_head":"<!-- This site is optimized with the Yoast SEO Premium plugin v24.4 (Yoast SEO v26.6) - https:\/\/yoast.com\/wordpress\/plugins\/seo\/ -->\n<title>The life that remains<\/title>\n<meta name=\"description\" content=\"Dans ce film documentaire, la r\u00e9alisatrice Dorra Zarrouk retrace le parcours poignant d\u2019une famille palestinienne ayant fui la guerre \u00e0 Gaza\" \/>\n<meta name=\"robots\" content=\"index, follow, max-snippet:-1, max-image-preview:large, max-video-preview:-1\" \/>\n<link rel=\"canonical\" href=\"https:\/\/gawl.eu\/en\/the-life-that-remains\/\" \/>\n<meta property=\"og:locale\" content=\"en_GB\" \/>\n<meta property=\"og:type\" content=\"article\" \/>\n<meta property=\"og:title\" content=\"The life that remains\" \/>\n<meta property=\"og:description\" content=\"Dans ce film documentaire, la r\u00e9alisatrice Dorra Zarrouk retrace le parcours poignant d\u2019une famille palestinienne ayant fui la guerre \u00e0 Gaza\" \/>\n<meta property=\"og:url\" content=\"https:\/\/gawl.eu\/en\/the-life-that-remains\/\" \/>\n<meta property=\"og:site_name\" content=\"GAWL\" \/>\n<meta property=\"article:modified_time\" content=\"2025-02-11T14:25:25+00:00\" \/>\n<meta property=\"og:image\" content=\"https:\/\/gawl.eu\/wp-content\/uploads\/sites\/41\/2025\/01\/wain-serna.jpg\" \/>\n\t<meta property=\"og:image:width\" content=\"400\" \/>\n\t<meta property=\"og:image:height\" content=\"300\" \/>\n\t<meta property=\"og:image:type\" content=\"image\/jpeg\" \/>\n<meta name=\"twitter:card\" content=\"summary_large_image\" \/>\n<meta name=\"twitter:label1\" content=\"Estimated reading time\" \/>\n\t<meta name=\"twitter:data1\" content=\"3 minutes\" \/>\n<script type=\"application\/ld+json\" class=\"yoast-schema-graph\">{\"@context\":\"https:\/\/schema.org\",\"@graph\":[{\"@type\":\"WebPage\",\"@id\":\"https:\/\/gawl.eu\/the-life-that-remains\/\",\"url\":\"https:\/\/gawl.eu\/the-life-that-remains\/\",\"name\":\"The life that remains\",\"isPartOf\":{\"@id\":\"https:\/\/gawl.eu\/#website\"},\"primaryImageOfPage\":{\"@id\":\"https:\/\/gawl.eu\/the-life-that-remains\/#primaryimage\"},\"image\":{\"@id\":\"https:\/\/gawl.eu\/the-life-that-remains\/#primaryimage\"},\"thumbnailUrl\":\"https:\/\/gawl.eu\/wp-content\/uploads\/sites\/41\/2025\/01\/wain-serna.jpg\",\"datePublished\":\"2025-01-07T14:47:03+00:00\",\"dateModified\":\"2025-02-11T14:25:25+00:00\",\"description\":\"Dans ce film documentaire, la r\u00e9alisatrice Dorra Zarrouk retrace le parcours poignant d\u2019une famille palestinienne ayant fui la guerre \u00e0 Gaza\",\"breadcrumb\":{\"@id\":\"https:\/\/gawl.eu\/the-life-that-remains\/#breadcrumb\"},\"inLanguage\":\"en-GB\",\"potentialAction\":[{\"@type\":\"ReadAction\",\"target\":[\"https:\/\/gawl.eu\/the-life-that-remains\/\"]}]},{\"@type\":\"ImageObject\",\"inLanguage\":\"en-GB\",\"@id\":\"https:\/\/gawl.eu\/the-life-that-remains\/#primaryimage\",\"url\":\"https:\/\/gawl.eu\/wp-content\/uploads\/sites\/41\/2025\/01\/wain-serna.jpg\",\"contentUrl\":\"https:\/\/gawl.eu\/wp-content\/uploads\/sites\/41\/2025\/01\/wain-serna.jpg\",\"width\":400,\"height\":300},{\"@type\":\"BreadcrumbList\",\"@id\":\"https:\/\/gawl.eu\/the-life-that-remains\/#breadcrumb\",\"itemListElement\":[{\"@type\":\"ListItem\",\"position\":1,\"name\":\"Home\",\"item\":\"https:\/\/gawl.eu\/\"},{\"@type\":\"ListItem\",\"position\":2,\"name\":\"The life that remains\"}]},{\"@type\":\"WebSite\",\"@id\":\"https:\/\/gawl.eu\/#website\",\"url\":\"https:\/\/gawl.eu\/\",\"name\":\"GAWL\",\"description\":\"\",\"publisher\":{\"@id\":\"https:\/\/gawl.eu\/#organization\"},\"potentialAction\":[{\"@type\":\"SearchAction\",\"target\":{\"@type\":\"EntryPoint\",\"urlTemplate\":\"https:\/\/gawl.eu\/?s={search_term_string}\"},\"query-input\":{\"@type\":\"PropertyValueSpecification\",\"valueRequired\":true,\"valueName\":\"search_term_string\"}}],\"inLanguage\":\"en-GB\"},{\"@type\":\"Organization\",\"@id\":\"https:\/\/gawl.eu\/#organization\",\"name\":\"GAWL\",\"url\":\"https:\/\/gawl.eu\/\",\"logo\":{\"@type\":\"ImageObject\",\"inLanguage\":\"en-GB\",\"@id\":\"https:\/\/gawl.eu\/#\/schema\/logo\/image\/\",\"url\":\"https:\/\/gawl.eu\/wp-content\/uploads\/sites\/41\/2022\/05\/Logo-Gawl.ai-2.png\",\"contentUrl\":\"https:\/\/gawl.eu\/wp-content\/uploads\/sites\/41\/2022\/05\/Logo-Gawl.ai-2.png\",\"width\":2000,\"height\":1414,\"caption\":\"GAWL\"},\"image\":{\"@id\":\"https:\/\/gawl.eu\/#\/schema\/logo\/image\/\"}}]}<\/script>\n<!-- \/ Yoast SEO Premium plugin. -->","yoast_head_json":{"title":"The life that remains","description":"Dans ce film documentaire, la r\u00e9alisatrice Dorra Zarrouk retrace le parcours poignant d\u2019une famille palestinienne ayant fui la guerre \u00e0 Gaza","robots":{"index":"index","follow":"follow","max-snippet":"max-snippet:-1","max-image-preview":"max-image-preview:large","max-video-preview":"max-video-preview:-1"},"canonical":"https:\/\/gawl.eu\/en\/the-life-that-remains\/","og_locale":"en_GB","og_type":"article","og_title":"The life that remains","og_description":"Dans ce film documentaire, la r\u00e9alisatrice Dorra Zarrouk retrace le parcours poignant d\u2019une famille palestinienne ayant fui la guerre \u00e0 Gaza","og_url":"https:\/\/gawl.eu\/en\/the-life-that-remains\/","og_site_name":"GAWL","article_modified_time":"2025-02-11T14:25:25+00:00","og_image":[{"width":400,"height":300,"url":"https:\/\/gawl.eu\/wp-content\/uploads\/sites\/41\/2025\/01\/wain-serna.jpg","type":"image\/jpeg"}],"twitter_card":"summary_large_image","twitter_misc":{"Estimated reading time":"3 minutes"},"schema":{"@context":"https:\/\/schema.org","@graph":[{"@type":"WebPage","@id":"https:\/\/gawl.eu\/the-life-that-remains\/","url":"https:\/\/gawl.eu\/the-life-that-remains\/","name":"The life that remains","isPartOf":{"@id":"https:\/\/gawl.eu\/#website"},"primaryImageOfPage":{"@id":"https:\/\/gawl.eu\/the-life-that-remains\/#primaryimage"},"image":{"@id":"https:\/\/gawl.eu\/the-life-that-remains\/#primaryimage"},"thumbnailUrl":"https:\/\/gawl.eu\/wp-content\/uploads\/sites\/41\/2025\/01\/wain-serna.jpg","datePublished":"2025-01-07T14:47:03+00:00","dateModified":"2025-02-11T14:25:25+00:00","description":"Dans ce film documentaire, la r\u00e9alisatrice Dorra Zarrouk retrace le parcours poignant d\u2019une famille palestinienne ayant fui la guerre \u00e0 Gaza","breadcrumb":{"@id":"https:\/\/gawl.eu\/the-life-that-remains\/#breadcrumb"},"inLanguage":"en-GB","potentialAction":[{"@type":"ReadAction","target":["https:\/\/gawl.eu\/the-life-that-remains\/"]}]},{"@type":"ImageObject","inLanguage":"en-GB","@id":"https:\/\/gawl.eu\/the-life-that-remains\/#primaryimage","url":"https:\/\/gawl.eu\/wp-content\/uploads\/sites\/41\/2025\/01\/wain-serna.jpg","contentUrl":"https:\/\/gawl.eu\/wp-content\/uploads\/sites\/41\/2025\/01\/wain-serna.jpg","width":400,"height":300},{"@type":"BreadcrumbList","@id":"https:\/\/gawl.eu\/the-life-that-remains\/#breadcrumb","itemListElement":[{"@type":"ListItem","position":1,"name":"Home","item":"https:\/\/gawl.eu\/"},{"@type":"ListItem","position":2,"name":"The life that remains"}]},{"@type":"WebSite","@id":"https:\/\/gawl.eu\/#website","url":"https:\/\/gawl.eu\/","name":"GAWL","description":"","publisher":{"@id":"https:\/\/gawl.eu\/#organization"},"potentialAction":[{"@type":"SearchAction","target":{"@type":"EntryPoint","urlTemplate":"https:\/\/gawl.eu\/?s={search_term_string}"},"query-input":{"@type":"PropertyValueSpecification","valueRequired":true,"valueName":"search_term_string"}}],"inLanguage":"en-GB"},{"@type":"Organization","@id":"https:\/\/gawl.eu\/#organization","name":"GAWL","url":"https:\/\/gawl.eu\/","logo":{"@type":"ImageObject","inLanguage":"en-GB","@id":"https:\/\/gawl.eu\/#\/schema\/logo\/image\/","url":"https:\/\/gawl.eu\/wp-content\/uploads\/sites\/41\/2022\/05\/Logo-Gawl.ai-2.png","contentUrl":"https:\/\/gawl.eu\/wp-content\/uploads\/sites\/41\/2022\/05\/Logo-Gawl.ai-2.png","width":2000,"height":1414,"caption":"GAWL"},"image":{"@id":"https:\/\/gawl.eu\/#\/schema\/logo\/image\/"}}]}},"_links":{"self":[{"href":"https:\/\/gawl.eu\/en\/wp-json\/wp\/v2\/pages\/1391","targetHints":{"allow":["GET"]}}],"collection":[{"href":"https:\/\/gawl.eu\/en\/wp-json\/wp\/v2\/pages"}],"about":[{"href":"https:\/\/gawl.eu\/en\/wp-json\/wp\/v2\/types\/page"}],"author":[{"embeddable":true,"href":"https:\/\/gawl.eu\/en\/wp-json\/wp\/v2\/users\/14"}],"replies":[{"embeddable":true,"href":"https:\/\/gawl.eu\/en\/wp-json\/wp\/v2\/comments?post=1391"}],"version-history":[{"count":46,"href":"https:\/\/gawl.eu\/en\/wp-json\/wp\/v2\/pages\/1391\/revisions"}],"predecessor-version":[{"id":1682,"href":"https:\/\/gawl.eu\/en\/wp-json\/wp\/v2\/pages\/1391\/revisions\/1682"}],"wp:featuredmedia":[{"embeddable":true,"href":"https:\/\/gawl.eu\/en\/wp-json\/wp\/v2\/media\/1504"}],"wp:attachment":[{"href":"https:\/\/gawl.eu\/en\/wp-json\/wp\/v2\/media?parent=1391"}],"curies":[{"name":"wp","href":"https:\/\/api.w.org\/{rel}","templated":true}]}}