{"id":1531,"date":"2025-02-03T11:21:19","date_gmt":"2025-02-03T11:21:19","guid":{"rendered":"https:\/\/gawl.eu\/?page_id=1531"},"modified":"2025-03-26T14:04:23","modified_gmt":"2025-03-26T14:04:23","slug":"valentino","status":"publish","type":"page","link":"https:\/\/gawl.eu\/en\/valentino\/","title":{"rendered":"Valentino"},"content":{"rendered":"[et_pb_section fb_built=\u00a0\u00bb1&Prime; _builder_version=\u00a0\u00bb4.21.0&Prime; _module_preset=\u00a0\u00bbdefault\u00a0\u00bb global_colors_info=\u00a0\u00bb{}\u00a0\u00bb][et_pb_row _builder_version=\u00a0\u00bb4.21.0&Prime; _module_preset=\u00a0\u00bbdefault\u00a0\u00bb global_colors_info=\u00a0\u00bb{}\u00a0\u00bb][et_pb_column type=\u00a0\u00bb4_4&Prime; _builder_version=\u00a0\u00bb4.21.0&Prime; _module_preset=\u00a0\u00bbdefault\u00a0\u00bb global_colors_info=\u00a0\u00bb{}\u00a0\u00bb][et_pb_text _builder_version=\u00a0\u00bb4.21.0&Prime; _module_preset=\u00a0\u00bbdefault\u00a0\u00bb text_font_size=\u00a0\u00bb13px\u00a0\u00bb header_font_size=\u00a0\u00bb48px\u00a0\u00bb global_colors_info=\u00a0\u00bb{}\u00a0\u00bb]<h1 style=\"text-align: center\"><strong>Valentino<\/strong><\/h1>\n<h1 style=\"text-align: center\"><strong>\u00a0<\/strong><\/h1>\n<h3 style=\"text-align: center\"><strong><span><\/span><\/strong><\/h3>\n<h3 style=\"text-align: center\"><strong><span><\/span><\/strong><\/h3>\n<h3 style=\"text-align: center\"><strong><span><\/span><\/strong><\/h3>\n<h3 style=\"text-align: center\"><strong><span><\/span><\/strong><\/h3>\n<h3 style=\"text-align: center\"><strong><span>Director: Rami Imam\u00a0 <\/span><span><\/span><\/strong><\/h3>[\/et_pb_text][\/et_pb_column][\/et_pb_row][et_pb_row _builder_version=\u00a0\u00bb4.21.0&Prime; _module_preset=\u00a0\u00bbdefault\u00a0\u00bb global_colors_info=\u00a0\u00bb{}\u00a0\u00bb][et_pb_column type=\u00a0\u00bb4_4&Prime; _builder_version=\u00a0\u00bb4.21.0&Prime; _module_preset=\u00a0\u00bbdefault\u00a0\u00bb global_colors_info=\u00a0\u00bb{}\u00a0\u00bb][et_pb_video src=\u00a0\u00bbhttps:\/\/www.youtube.com\/watch?v=Xpki40tT3Mo&amp;t=3s\u00a0\u00bb image_src=\u00a0\u00bbhttps:\/\/gawl.eu\/wp-content\/uploads\/sites\/41\/2025\/02\/4.jpg\u00a0\u00bb _builder_version=\u00a0\u00bb4.27.4&Prime; _module_preset=\u00a0\u00bbdefault\u00a0\u00bb global_colors_info=\u00a0\u00bb{}\u00a0\u00bb][\/et_pb_video][\/et_pb_column][\/et_pb_row][et_pb_row _builder_version=\u00a0\u00bb4.21.0&Prime; _module_preset=\u00a0\u00bbdefault\u00a0\u00bb min_height=\u00a0\u00bb373.5px\u00a0\u00bb global_colors_info=\u00a0\u00bb{}\u00a0\u00bb][et_pb_column type=\u00a0\u00bb4_4&Prime; _builder_version=\u00a0\u00bb4.21.0&Prime; _module_preset=\u00a0\u00bbdefault\u00a0\u00bb global_colors_info=\u00a0\u00bb{}\u00a0\u00bb][et_pb_text _builder_version=\u00a0\u00bb4.27.4&Prime; _module_preset=\u00a0\u00bbdefault\u00a0\u00bb global_colors_info=\u00a0\u00bb{}\u00a0\u00bb]<p style=\"text-align: center\"><strong>Synopsis<\/strong>: <span>Nour Abdel Mejid, AKA Valentino, owns a number of international schools, the <\/span>\u00ab\u00a0Valentino Schools\u00a0\u00bb<span>, run by him and his domineering wife with whom he's not in agreement. Their disagreements, however, get them on several adventures and reveals many surprises along the way.<\/span><\/p>\n<p style=\"text-align: center\"><strong>Director<\/strong>: Rami Imam<\/p>\n<p><strong>\u00a0 \u00a0 \u00a0 \u00a0 \u00a0 \u00a0 \u00a0 \u00a0 \u00a0 \u00a0 \u00a0 \u00a0 \u00a0 \u00a0 \u00a0 \u00a0 \u00a0 \u00a0 \u00a0 \u00a0 \u00a0 \u00a0 \u00a0 \u00a0 \u00a0 \u00a0 \u00a0 \u00a0 \u00a0 \u00a0 \u00a0 \u00a0 \u00a0 \u00a0 \u00a0 \u00a0 \u00a0 \u00a0 \u00a0 \u00a0 \u00a0 \u00a0 \u00a0 \u00a0 \u00a0 \u00a0 \u00a0 \u00a0 \u00a0 \u00a0 \u00a0 \u00a0 \u00a0 \u00a0 \u00a0 \u00a0 \u00a0 \u00a0 \u00a0Stars<\/strong>: Adel Imam &#8211; Dalal Abdulaziz<\/p>\n<p style=\"text-align: center\"><strong>Country<\/strong>: Egypt<\/p>\n<p style=\"text-align: center\"><strong>Genre<\/strong>: TV Series, Comedy<\/p>\n<p style=\"text-align: center\"><strong>Number of episodes <\/strong>: 30<\/p>\n<p style=\"text-align: center\"><strong>Duration<\/strong>: 37 min<\/p>\n<p style=\"text-align: center\"><strong>Language<\/strong>: Arabic<\/p>\n<p style=\"text-align: center\"><strong>Subtitles<\/strong>: French, English, Spanish, Italian, German, Dutch<\/p>\n<p style=\"text-align: center\"><strong>Year of production<\/strong>: 2020<\/p>\n<p style=\"text-align: center\"><strong>Production<\/strong>: Magnum Productions<\/p>\n<p style=\"text-align: center\"><\/p>[\/et_pb_text][\/et_pb_column][\/et_pb_row][\/et_pb_section]","protected":false},"excerpt":{"rendered":"<p>Valentino \u00a0 R\u00e9alisateur: Rami Imam\u00a0 Synopsis: Nour Abdel Mejid, aka Valentino, poss\u00e8de plusieurs \u00e9coles internationales, les \u00ab\u00a0Valentino Schools\u00a0\u00bb, qu&rsquo;il dirige avec sa femme autoritaire, avec laquelle il est en conflit. Leurs d\u00e9saccords les plongent dans de nombreuses aventures, d\u00e9voilant au passage de nombreuses surprises. R\u00e9alisation: Rami Imam \u00a0 \u00a0 \u00a0 \u00a0 \u00a0 \u00a0 \u00a0 \u00a0 [&hellip;]<\/p>","protected":false},"author":4,"featured_media":1661,"parent":0,"menu_order":0,"comment_status":"closed","ping_status":"closed","template":"","meta":{"_et_pb_use_builder":"on","_et_pb_old_content":"","_et_gb_content_width":"","content-type":"","footnotes":""},"class_list":["post-1531","page","type-page","status-publish","has-post-thumbnail","hentry"],"yoast_head":"<!-- This site is optimized with the Yoast SEO Premium plugin v24.4 (Yoast SEO v26.6) - https:\/\/yoast.com\/wordpress\/plugins\/seo\/ -->\n<title>Valentino - GAWL<\/title>\n<meta name=\"description\" content=\"Adel Imam brille dans Valentino, une com\u00e9die piquante entre amour, pouvoir et satire sociale.\" \/>\n<meta name=\"robots\" content=\"index, follow, max-snippet:-1, max-image-preview:large, max-video-preview:-1\" \/>\n<link rel=\"canonical\" href=\"https:\/\/gawl.eu\/en\/valentino\/\" \/>\n<meta property=\"og:locale\" content=\"en_GB\" \/>\n<meta property=\"og:type\" content=\"article\" \/>\n<meta property=\"og:title\" content=\"Valentino\" \/>\n<meta property=\"og:description\" content=\"Adel Imam brille dans Valentino, une com\u00e9die piquante entre amour, pouvoir et satire sociale.\" \/>\n<meta property=\"og:url\" content=\"https:\/\/gawl.eu\/en\/valentino\/\" \/>\n<meta property=\"og:site_name\" content=\"GAWL\" \/>\n<meta property=\"article:modified_time\" content=\"2025-03-26T14:04:23+00:00\" \/>\n<meta property=\"og:image\" content=\"https:\/\/gawl.eu\/wp-content\/uploads\/sites\/41\/2025\/02\/5.jpg\" \/>\n\t<meta property=\"og:image:width\" content=\"1920\" \/>\n\t<meta property=\"og:image:height\" content=\"1080\" \/>\n\t<meta property=\"og:image:type\" content=\"image\/jpeg\" \/>\n<meta name=\"twitter:card\" content=\"summary_large_image\" \/>\n<meta name=\"twitter:label1\" content=\"Estimated reading time\" \/>\n\t<meta name=\"twitter:data1\" content=\"1 minute\" \/>\n<script type=\"application\/ld+json\" class=\"yoast-schema-graph\">{\"@context\":\"https:\/\/schema.org\",\"@graph\":[{\"@type\":\"WebPage\",\"@id\":\"https:\/\/gawl.eu\/valentino\/\",\"url\":\"https:\/\/gawl.eu\/valentino\/\",\"name\":\"Valentino - GAWL\",\"isPartOf\":{\"@id\":\"https:\/\/gawl.eu\/#website\"},\"primaryImageOfPage\":{\"@id\":\"https:\/\/gawl.eu\/valentino\/#primaryimage\"},\"image\":{\"@id\":\"https:\/\/gawl.eu\/valentino\/#primaryimage\"},\"thumbnailUrl\":\"https:\/\/gawl.eu\/wp-content\/uploads\/sites\/41\/2025\/02\/5.jpg\",\"datePublished\":\"2025-02-03T11:21:19+00:00\",\"dateModified\":\"2025-03-26T14:04:23+00:00\",\"description\":\"Adel Imam brille dans Valentino, une com\u00e9die piquante entre amour, pouvoir et satire sociale.\",\"breadcrumb\":{\"@id\":\"https:\/\/gawl.eu\/valentino\/#breadcrumb\"},\"inLanguage\":\"en-GB\",\"potentialAction\":[{\"@type\":\"ReadAction\",\"target\":[\"https:\/\/gawl.eu\/valentino\/\"]}]},{\"@type\":\"ImageObject\",\"inLanguage\":\"en-GB\",\"@id\":\"https:\/\/gawl.eu\/valentino\/#primaryimage\",\"url\":\"https:\/\/gawl.eu\/wp-content\/uploads\/sites\/41\/2025\/02\/5.jpg\",\"contentUrl\":\"https:\/\/gawl.eu\/wp-content\/uploads\/sites\/41\/2025\/02\/5.jpg\",\"width\":1920,\"height\":1080},{\"@type\":\"BreadcrumbList\",\"@id\":\"https:\/\/gawl.eu\/valentino\/#breadcrumb\",\"itemListElement\":[{\"@type\":\"ListItem\",\"position\":1,\"name\":\"Home\",\"item\":\"https:\/\/gawl.eu\/\"},{\"@type\":\"ListItem\",\"position\":2,\"name\":\"Valentino\"}]},{\"@type\":\"WebSite\",\"@id\":\"https:\/\/gawl.eu\/#website\",\"url\":\"https:\/\/gawl.eu\/\",\"name\":\"GAWL\",\"description\":\"\",\"publisher\":{\"@id\":\"https:\/\/gawl.eu\/#organization\"},\"potentialAction\":[{\"@type\":\"SearchAction\",\"target\":{\"@type\":\"EntryPoint\",\"urlTemplate\":\"https:\/\/gawl.eu\/?s={search_term_string}\"},\"query-input\":{\"@type\":\"PropertyValueSpecification\",\"valueRequired\":true,\"valueName\":\"search_term_string\"}}],\"inLanguage\":\"en-GB\"},{\"@type\":\"Organization\",\"@id\":\"https:\/\/gawl.eu\/#organization\",\"name\":\"GAWL\",\"url\":\"https:\/\/gawl.eu\/\",\"logo\":{\"@type\":\"ImageObject\",\"inLanguage\":\"en-GB\",\"@id\":\"https:\/\/gawl.eu\/#\/schema\/logo\/image\/\",\"url\":\"https:\/\/gawl.eu\/wp-content\/uploads\/sites\/41\/2022\/05\/Logo-Gawl.ai-2.png\",\"contentUrl\":\"https:\/\/gawl.eu\/wp-content\/uploads\/sites\/41\/2022\/05\/Logo-Gawl.ai-2.png\",\"width\":2000,\"height\":1414,\"caption\":\"GAWL\"},\"image\":{\"@id\":\"https:\/\/gawl.eu\/#\/schema\/logo\/image\/\"}}]}<\/script>\n<!-- \/ Yoast SEO Premium plugin. -->","yoast_head_json":{"title":"Valentino - GAWL","description":"Adel Imam brille dans Valentino, une com\u00e9die piquante entre amour, pouvoir et satire sociale.","robots":{"index":"index","follow":"follow","max-snippet":"max-snippet:-1","max-image-preview":"max-image-preview:large","max-video-preview":"max-video-preview:-1"},"canonical":"https:\/\/gawl.eu\/en\/valentino\/","og_locale":"en_GB","og_type":"article","og_title":"Valentino","og_description":"Adel Imam brille dans Valentino, une com\u00e9die piquante entre amour, pouvoir et satire sociale.","og_url":"https:\/\/gawl.eu\/en\/valentino\/","og_site_name":"GAWL","article_modified_time":"2025-03-26T14:04:23+00:00","og_image":[{"width":1920,"height":1080,"url":"https:\/\/gawl.eu\/wp-content\/uploads\/sites\/41\/2025\/02\/5.jpg","type":"image\/jpeg"}],"twitter_card":"summary_large_image","twitter_misc":{"Estimated reading time":"1 minute"},"schema":{"@context":"https:\/\/schema.org","@graph":[{"@type":"WebPage","@id":"https:\/\/gawl.eu\/valentino\/","url":"https:\/\/gawl.eu\/valentino\/","name":"Valentino - GAWL","isPartOf":{"@id":"https:\/\/gawl.eu\/#website"},"primaryImageOfPage":{"@id":"https:\/\/gawl.eu\/valentino\/#primaryimage"},"image":{"@id":"https:\/\/gawl.eu\/valentino\/#primaryimage"},"thumbnailUrl":"https:\/\/gawl.eu\/wp-content\/uploads\/sites\/41\/2025\/02\/5.jpg","datePublished":"2025-02-03T11:21:19+00:00","dateModified":"2025-03-26T14:04:23+00:00","description":"Adel Imam brille dans Valentino, une com\u00e9die piquante entre amour, pouvoir et satire sociale.","breadcrumb":{"@id":"https:\/\/gawl.eu\/valentino\/#breadcrumb"},"inLanguage":"en-GB","potentialAction":[{"@type":"ReadAction","target":["https:\/\/gawl.eu\/valentino\/"]}]},{"@type":"ImageObject","inLanguage":"en-GB","@id":"https:\/\/gawl.eu\/valentino\/#primaryimage","url":"https:\/\/gawl.eu\/wp-content\/uploads\/sites\/41\/2025\/02\/5.jpg","contentUrl":"https:\/\/gawl.eu\/wp-content\/uploads\/sites\/41\/2025\/02\/5.jpg","width":1920,"height":1080},{"@type":"BreadcrumbList","@id":"https:\/\/gawl.eu\/valentino\/#breadcrumb","itemListElement":[{"@type":"ListItem","position":1,"name":"Home","item":"https:\/\/gawl.eu\/"},{"@type":"ListItem","position":2,"name":"Valentino"}]},{"@type":"WebSite","@id":"https:\/\/gawl.eu\/#website","url":"https:\/\/gawl.eu\/","name":"GAWL","description":"","publisher":{"@id":"https:\/\/gawl.eu\/#organization"},"potentialAction":[{"@type":"SearchAction","target":{"@type":"EntryPoint","urlTemplate":"https:\/\/gawl.eu\/?s={search_term_string}"},"query-input":{"@type":"PropertyValueSpecification","valueRequired":true,"valueName":"search_term_string"}}],"inLanguage":"en-GB"},{"@type":"Organization","@id":"https:\/\/gawl.eu\/#organization","name":"GAWL","url":"https:\/\/gawl.eu\/","logo":{"@type":"ImageObject","inLanguage":"en-GB","@id":"https:\/\/gawl.eu\/#\/schema\/logo\/image\/","url":"https:\/\/gawl.eu\/wp-content\/uploads\/sites\/41\/2022\/05\/Logo-Gawl.ai-2.png","contentUrl":"https:\/\/gawl.eu\/wp-content\/uploads\/sites\/41\/2022\/05\/Logo-Gawl.ai-2.png","width":2000,"height":1414,"caption":"GAWL"},"image":{"@id":"https:\/\/gawl.eu\/#\/schema\/logo\/image\/"}}]}},"_links":{"self":[{"href":"https:\/\/gawl.eu\/en\/wp-json\/wp\/v2\/pages\/1531","targetHints":{"allow":["GET"]}}],"collection":[{"href":"https:\/\/gawl.eu\/en\/wp-json\/wp\/v2\/pages"}],"about":[{"href":"https:\/\/gawl.eu\/en\/wp-json\/wp\/v2\/types\/page"}],"author":[{"embeddable":true,"href":"https:\/\/gawl.eu\/en\/wp-json\/wp\/v2\/users\/4"}],"replies":[{"embeddable":true,"href":"https:\/\/gawl.eu\/en\/wp-json\/wp\/v2\/comments?post=1531"}],"version-history":[{"count":10,"href":"https:\/\/gawl.eu\/en\/wp-json\/wp\/v2\/pages\/1531\/revisions"}],"predecessor-version":[{"id":1720,"href":"https:\/\/gawl.eu\/en\/wp-json\/wp\/v2\/pages\/1531\/revisions\/1720"}],"wp:featuredmedia":[{"embeddable":true,"href":"https:\/\/gawl.eu\/en\/wp-json\/wp\/v2\/media\/1661"}],"wp:attachment":[{"href":"https:\/\/gawl.eu\/en\/wp-json\/wp\/v2\/media?parent=1531"}],"curies":[{"name":"wp","href":"https:\/\/api.w.org\/{rel}","templated":true}]}}