{"id":1538,"date":"2025-02-03T11:33:05","date_gmt":"2025-02-03T11:33:05","guid":{"rendered":"https:\/\/gawl.eu\/?page_id=1538"},"modified":"2025-03-26T14:06:54","modified_gmt":"2025-03-26T14:06:54","slug":"awalem-khafea","status":"publish","type":"page","link":"https:\/\/gawl.eu\/en\/awalem-khafea\/","title":{"rendered":"Awalem Khafea"},"content":{"rendered":"[et_pb_section fb_built=\u00a0\u00bb1&Prime; _builder_version=\u00a0\u00bb4.21.0&Prime; _module_preset=\u00a0\u00bbdefault\u00a0\u00bb global_colors_info=\u00a0\u00bb{}\u00a0\u00bb][et_pb_row _builder_version=\u00a0\u00bb4.21.0&Prime; _module_preset=\u00a0\u00bbdefault\u00a0\u00bb global_colors_info=\u00a0\u00bb{}\u00a0\u00bb][et_pb_column type=\u00a0\u00bb4_4&Prime; _builder_version=\u00a0\u00bb4.21.0&Prime; _module_preset=\u00a0\u00bbdefault\u00a0\u00bb global_colors_info=\u00a0\u00bb{}\u00a0\u00bb][et_pb_text _builder_version=\u00a0\u00bb4.21.0&Prime; _module_preset=\u00a0\u00bbdefault\u00a0\u00bb text_font_size=\u00a0\u00bb13px\u00a0\u00bb header_font_size=\u00a0\u00bb48px\u00a0\u00bb global_colors_info=\u00a0\u00bb{}\u00a0\u00bb]<h1 style=\"text-align: center\"><strong>Awalem Khafea<span dir=\"rtl\"><br \/><\/span><\/strong><\/h1>\n<h1 style=\"text-align: center\"><strong>\u00a0<\/strong><\/h1>\n<h3 style=\"text-align: center\"><strong><span><\/span><\/strong><\/h3>\n<h3 style=\"text-align: center\"><strong><span><\/span><\/strong><\/h3>\n<h3 style=\"text-align: center\"><strong><span><\/span><\/strong><\/h3>\n<h3 style=\"text-align: center\"><strong><span><\/span><\/strong><\/h3>\n<h3 style=\"text-align: center\"><strong><span>Director: Rami Imam\u00a0 <\/span><span><\/span><\/strong><\/h3>[\/et_pb_text][\/et_pb_column][\/et_pb_row][et_pb_row _builder_version=\u00a0\u00bb4.21.0&Prime; _module_preset=\u00a0\u00bbdefault\u00a0\u00bb global_colors_info=\u00a0\u00bb{}\u00a0\u00bb][et_pb_column type=\u00a0\u00bb4_4&Prime; _builder_version=\u00a0\u00bb4.21.0&Prime; _module_preset=\u00a0\u00bbdefault\u00a0\u00bb global_colors_info=\u00a0\u00bb{}\u00a0\u00bb][et_pb_video src=\u00a0\u00bbhttps:\/\/www.youtube.com\/watch?v=tymnGwWq0F4&amp;t=2s\u00a0\u00bb image_src=\u00a0\u00bbhttps:\/\/gawl.eu\/wp-content\/uploads\/sites\/41\/2025\/02\/2.jpg\u00a0\u00bb _builder_version=\u00a0\u00bb4.27.4&Prime; _module_preset=\u00a0\u00bbdefault\u00a0\u00bb global_colors_info=\u00a0\u00bb{}\u00a0\u00bb][\/et_pb_video][\/et_pb_column][\/et_pb_row][et_pb_row _builder_version=\u00a0\u00bb4.21.0&Prime; _module_preset=\u00a0\u00bbdefault\u00a0\u00bb min_height=\u00a0\u00bb373.5px\u00a0\u00bb global_colors_info=\u00a0\u00bb{}\u00a0\u00bb][et_pb_column type=\u00a0\u00bb4_4&Prime; _builder_version=\u00a0\u00bb4.21.0&Prime; _module_preset=\u00a0\u00bbdefault\u00a0\u00bb global_colors_info=\u00a0\u00bb{}\u00a0\u00bb][et_pb_text _builder_version=\u00a0\u00bb4.27.4&Prime; _module_preset=\u00a0\u00bbdefault\u00a0\u00bb global_colors_info=\u00a0\u00bb{}\u00a0\u00bb]<p style=\"text-align: center\"><strong>Synopsis<\/strong>: <span>Hilal Kamal is a journalist who coincidentally finds the memoirs of an actress who is believed to have been murdered. The memoirs reveal the truth about her death, which urges Hilal to form a team to uncover the truth.<\/span><\/p>\n<p style=\"text-align: center\"><strong>Director<\/strong>: Rami Imam<br \/><strong><br \/><\/strong><b>Stars<\/b>: Adel Imam &#8211; Salah Abdallah<\/p>\n<p style=\"text-align: center\"><strong>Country<\/strong>: Egypt<\/p>\n<p style=\"text-align: center\"><strong>Genre<\/strong>: TV Series, Drama<\/p>\n<p style=\"text-align: center\"><strong>Number of episodes <\/strong>: 30<\/p>\n<p style=\"text-align: center\"><strong>Duration<\/strong>: 35 min<\/p>\n<p style=\"text-align: center\"><strong>Language<\/strong>: Arabic<\/p>\n<p style=\"text-align: center\"><strong>Subtitles<\/strong>: French, English, Spanish, Italian, German, Dutch<\/p>\n<p style=\"text-align: center\"><strong>Year of production<\/strong>: 2018<\/p>\n<p style=\"text-align: center\"><strong>Production<\/strong>: Magnum Productions<\/p>\n<p style=\"text-align: center\"><\/p>[\/et_pb_text][\/et_pb_column][\/et_pb_row][\/et_pb_section]","protected":false},"excerpt":{"rendered":"<p>Awalem Khafea \u00a0 R\u00e9alisateur: Rami Imam\u00a0 Synopsis: Hilal Kamal est un journaliste qui d\u00e9couvre par hasard les m\u00e9moires d\u2019une actrice que l\u2019on croit avoir \u00e9t\u00e9 assassin\u00e9e. Ces m\u00e9moires r\u00e9v\u00e8lent la v\u00e9rit\u00e9 sur sa mort, poussant Hilal \u00e0 former une \u00e9quipe pour faire \u00e9clater la v\u00e9rit\u00e9. R\u00e9alisation: Rami ImamStars: Adel Imam &#8211; Salah Abdallah Pays: \u00c9gypte [&hellip;]<\/p>","protected":false},"author":4,"featured_media":1660,"parent":0,"menu_order":0,"comment_status":"closed","ping_status":"closed","template":"","meta":{"_et_pb_use_builder":"on","_et_pb_old_content":"","_et_gb_content_width":"","content-type":"","footnotes":""},"class_list":["post-1538","page","type-page","status-publish","has-post-thumbnail","hentry"],"yoast_head":"<!-- This site is optimized with the Yoast SEO Premium plugin v24.4 (Yoast SEO v26.6) - https:\/\/yoast.com\/wordpress\/plugins\/seo\/ -->\n<title>Awalem Khafea - GAWL<\/title>\n<meta name=\"description\" content=\"Dans Awalem Khafeya, Adel Imam enqu\u00eate sur une affaire myst\u00e9rieuse qui d\u00e9voile les coulisses du pouvoir et du journalisme.\" \/>\n<meta name=\"robots\" content=\"index, follow, max-snippet:-1, max-image-preview:large, max-video-preview:-1\" \/>\n<link rel=\"canonical\" href=\"https:\/\/gawl.eu\/en\/awalem-khafea\/\" \/>\n<meta property=\"og:locale\" content=\"en_GB\" \/>\n<meta property=\"og:type\" content=\"article\" \/>\n<meta property=\"og:title\" content=\"Awalem Khafea\" \/>\n<meta property=\"og:description\" content=\"Dans Awalem Khafeya, Adel Imam enqu\u00eate sur une affaire myst\u00e9rieuse qui d\u00e9voile les coulisses du pouvoir et du journalisme.\" \/>\n<meta property=\"og:url\" content=\"https:\/\/gawl.eu\/en\/awalem-khafea\/\" \/>\n<meta property=\"og:site_name\" content=\"GAWL\" \/>\n<meta property=\"article:modified_time\" content=\"2025-03-26T14:06:54+00:00\" \/>\n<meta property=\"og:image\" content=\"https:\/\/gawl.eu\/wp-content\/uploads\/sites\/41\/2025\/02\/3-2.jpg\" \/>\n\t<meta property=\"og:image:width\" content=\"1920\" \/>\n\t<meta property=\"og:image:height\" content=\"1080\" \/>\n\t<meta property=\"og:image:type\" content=\"image\/jpeg\" \/>\n<meta name=\"twitter:card\" content=\"summary_large_image\" \/>\n<meta name=\"twitter:label1\" content=\"Estimated reading time\" \/>\n\t<meta name=\"twitter:data1\" content=\"1 minute\" \/>\n<script type=\"application\/ld+json\" class=\"yoast-schema-graph\">{\"@context\":\"https:\/\/schema.org\",\"@graph\":[{\"@type\":\"WebPage\",\"@id\":\"https:\/\/gawl.eu\/awalem-khafea\/\",\"url\":\"https:\/\/gawl.eu\/awalem-khafea\/\",\"name\":\"Awalem Khafea - GAWL\",\"isPartOf\":{\"@id\":\"https:\/\/gawl.eu\/#website\"},\"primaryImageOfPage\":{\"@id\":\"https:\/\/gawl.eu\/awalem-khafea\/#primaryimage\"},\"image\":{\"@id\":\"https:\/\/gawl.eu\/awalem-khafea\/#primaryimage\"},\"thumbnailUrl\":\"https:\/\/gawl.eu\/wp-content\/uploads\/sites\/41\/2025\/02\/3-2.jpg\",\"datePublished\":\"2025-02-03T11:33:05+00:00\",\"dateModified\":\"2025-03-26T14:06:54+00:00\",\"description\":\"Dans Awalem Khafeya, Adel Imam enqu\u00eate sur une affaire myst\u00e9rieuse qui d\u00e9voile les coulisses du pouvoir et du journalisme.\",\"breadcrumb\":{\"@id\":\"https:\/\/gawl.eu\/awalem-khafea\/#breadcrumb\"},\"inLanguage\":\"en-GB\",\"potentialAction\":[{\"@type\":\"ReadAction\",\"target\":[\"https:\/\/gawl.eu\/awalem-khafea\/\"]}]},{\"@type\":\"ImageObject\",\"inLanguage\":\"en-GB\",\"@id\":\"https:\/\/gawl.eu\/awalem-khafea\/#primaryimage\",\"url\":\"https:\/\/gawl.eu\/wp-content\/uploads\/sites\/41\/2025\/02\/3-2.jpg\",\"contentUrl\":\"https:\/\/gawl.eu\/wp-content\/uploads\/sites\/41\/2025\/02\/3-2.jpg\",\"width\":1920,\"height\":1080},{\"@type\":\"BreadcrumbList\",\"@id\":\"https:\/\/gawl.eu\/awalem-khafea\/#breadcrumb\",\"itemListElement\":[{\"@type\":\"ListItem\",\"position\":1,\"name\":\"Home\",\"item\":\"https:\/\/gawl.eu\/\"},{\"@type\":\"ListItem\",\"position\":2,\"name\":\"Awalem Khafea\"}]},{\"@type\":\"WebSite\",\"@id\":\"https:\/\/gawl.eu\/#website\",\"url\":\"https:\/\/gawl.eu\/\",\"name\":\"GAWL\",\"description\":\"\",\"publisher\":{\"@id\":\"https:\/\/gawl.eu\/#organization\"},\"potentialAction\":[{\"@type\":\"SearchAction\",\"target\":{\"@type\":\"EntryPoint\",\"urlTemplate\":\"https:\/\/gawl.eu\/?s={search_term_string}\"},\"query-input\":{\"@type\":\"PropertyValueSpecification\",\"valueRequired\":true,\"valueName\":\"search_term_string\"}}],\"inLanguage\":\"en-GB\"},{\"@type\":\"Organization\",\"@id\":\"https:\/\/gawl.eu\/#organization\",\"name\":\"GAWL\",\"url\":\"https:\/\/gawl.eu\/\",\"logo\":{\"@type\":\"ImageObject\",\"inLanguage\":\"en-GB\",\"@id\":\"https:\/\/gawl.eu\/#\/schema\/logo\/image\/\",\"url\":\"https:\/\/gawl.eu\/wp-content\/uploads\/sites\/41\/2022\/05\/Logo-Gawl.ai-2.png\",\"contentUrl\":\"https:\/\/gawl.eu\/wp-content\/uploads\/sites\/41\/2022\/05\/Logo-Gawl.ai-2.png\",\"width\":2000,\"height\":1414,\"caption\":\"GAWL\"},\"image\":{\"@id\":\"https:\/\/gawl.eu\/#\/schema\/logo\/image\/\"}}]}<\/script>\n<!-- \/ Yoast SEO Premium plugin. -->","yoast_head_json":{"title":"Awalem Khafea - GAWL","description":"Dans Awalem Khafeya, Adel Imam enqu\u00eate sur une affaire myst\u00e9rieuse qui d\u00e9voile les coulisses du pouvoir et du journalisme.","robots":{"index":"index","follow":"follow","max-snippet":"max-snippet:-1","max-image-preview":"max-image-preview:large","max-video-preview":"max-video-preview:-1"},"canonical":"https:\/\/gawl.eu\/en\/awalem-khafea\/","og_locale":"en_GB","og_type":"article","og_title":"Awalem Khafea","og_description":"Dans Awalem Khafeya, Adel Imam enqu\u00eate sur une affaire myst\u00e9rieuse qui d\u00e9voile les coulisses du pouvoir et du journalisme.","og_url":"https:\/\/gawl.eu\/en\/awalem-khafea\/","og_site_name":"GAWL","article_modified_time":"2025-03-26T14:06:54+00:00","og_image":[{"width":1920,"height":1080,"url":"https:\/\/gawl.eu\/wp-content\/uploads\/sites\/41\/2025\/02\/3-2.jpg","type":"image\/jpeg"}],"twitter_card":"summary_large_image","twitter_misc":{"Estimated reading time":"1 minute"},"schema":{"@context":"https:\/\/schema.org","@graph":[{"@type":"WebPage","@id":"https:\/\/gawl.eu\/awalem-khafea\/","url":"https:\/\/gawl.eu\/awalem-khafea\/","name":"Awalem Khafea - GAWL","isPartOf":{"@id":"https:\/\/gawl.eu\/#website"},"primaryImageOfPage":{"@id":"https:\/\/gawl.eu\/awalem-khafea\/#primaryimage"},"image":{"@id":"https:\/\/gawl.eu\/awalem-khafea\/#primaryimage"},"thumbnailUrl":"https:\/\/gawl.eu\/wp-content\/uploads\/sites\/41\/2025\/02\/3-2.jpg","datePublished":"2025-02-03T11:33:05+00:00","dateModified":"2025-03-26T14:06:54+00:00","description":"Dans Awalem Khafeya, Adel Imam enqu\u00eate sur une affaire myst\u00e9rieuse qui d\u00e9voile les coulisses du pouvoir et du journalisme.","breadcrumb":{"@id":"https:\/\/gawl.eu\/awalem-khafea\/#breadcrumb"},"inLanguage":"en-GB","potentialAction":[{"@type":"ReadAction","target":["https:\/\/gawl.eu\/awalem-khafea\/"]}]},{"@type":"ImageObject","inLanguage":"en-GB","@id":"https:\/\/gawl.eu\/awalem-khafea\/#primaryimage","url":"https:\/\/gawl.eu\/wp-content\/uploads\/sites\/41\/2025\/02\/3-2.jpg","contentUrl":"https:\/\/gawl.eu\/wp-content\/uploads\/sites\/41\/2025\/02\/3-2.jpg","width":1920,"height":1080},{"@type":"BreadcrumbList","@id":"https:\/\/gawl.eu\/awalem-khafea\/#breadcrumb","itemListElement":[{"@type":"ListItem","position":1,"name":"Home","item":"https:\/\/gawl.eu\/"},{"@type":"ListItem","position":2,"name":"Awalem Khafea"}]},{"@type":"WebSite","@id":"https:\/\/gawl.eu\/#website","url":"https:\/\/gawl.eu\/","name":"GAWL","description":"","publisher":{"@id":"https:\/\/gawl.eu\/#organization"},"potentialAction":[{"@type":"SearchAction","target":{"@type":"EntryPoint","urlTemplate":"https:\/\/gawl.eu\/?s={search_term_string}"},"query-input":{"@type":"PropertyValueSpecification","valueRequired":true,"valueName":"search_term_string"}}],"inLanguage":"en-GB"},{"@type":"Organization","@id":"https:\/\/gawl.eu\/#organization","name":"GAWL","url":"https:\/\/gawl.eu\/","logo":{"@type":"ImageObject","inLanguage":"en-GB","@id":"https:\/\/gawl.eu\/#\/schema\/logo\/image\/","url":"https:\/\/gawl.eu\/wp-content\/uploads\/sites\/41\/2022\/05\/Logo-Gawl.ai-2.png","contentUrl":"https:\/\/gawl.eu\/wp-content\/uploads\/sites\/41\/2022\/05\/Logo-Gawl.ai-2.png","width":2000,"height":1414,"caption":"GAWL"},"image":{"@id":"https:\/\/gawl.eu\/#\/schema\/logo\/image\/"}}]}},"_links":{"self":[{"href":"https:\/\/gawl.eu\/en\/wp-json\/wp\/v2\/pages\/1538","targetHints":{"allow":["GET"]}}],"collection":[{"href":"https:\/\/gawl.eu\/en\/wp-json\/wp\/v2\/pages"}],"about":[{"href":"https:\/\/gawl.eu\/en\/wp-json\/wp\/v2\/types\/page"}],"author":[{"embeddable":true,"href":"https:\/\/gawl.eu\/en\/wp-json\/wp\/v2\/users\/4"}],"replies":[{"embeddable":true,"href":"https:\/\/gawl.eu\/en\/wp-json\/wp\/v2\/comments?post=1538"}],"version-history":[{"count":10,"href":"https:\/\/gawl.eu\/en\/wp-json\/wp\/v2\/pages\/1538\/revisions"}],"predecessor-version":[{"id":1721,"href":"https:\/\/gawl.eu\/en\/wp-json\/wp\/v2\/pages\/1538\/revisions\/1721"}],"wp:featuredmedia":[{"embeddable":true,"href":"https:\/\/gawl.eu\/en\/wp-json\/wp\/v2\/media\/1660"}],"wp:attachment":[{"href":"https:\/\/gawl.eu\/en\/wp-json\/wp\/v2\/media?parent=1538"}],"curies":[{"name":"wp","href":"https:\/\/api.w.org\/{rel}","templated":true}]}}