{"id":1544,"date":"2025-02-03T11:44:26","date_gmt":"2025-02-03T11:44:26","guid":{"rendered":"https:\/\/gawl.eu\/?page_id=1544"},"modified":"2025-03-26T14:08:20","modified_gmt":"2025-03-26T14:08:20","slug":"tayea","status":"publish","type":"page","link":"https:\/\/gawl.eu\/en\/tayea\/","title":{"rendered":"Tayea"},"content":{"rendered":"[et_pb_section fb_built=\u00a0\u00bb1&Prime; _builder_version=\u00a0\u00bb4.21.0&Prime; _module_preset=\u00a0\u00bbdefault\u00a0\u00bb global_colors_info=\u00a0\u00bb{}\u00a0\u00bb][et_pb_row _builder_version=\u00a0\u00bb4.21.0&Prime; _module_preset=\u00a0\u00bbdefault\u00a0\u00bb global_colors_info=\u00a0\u00bb{}\u00a0\u00bb][et_pb_column type=\u00a0\u00bb4_4&Prime; _builder_version=\u00a0\u00bb4.21.0&Prime; _module_preset=\u00a0\u00bbdefault\u00a0\u00bb global_colors_info=\u00a0\u00bb{}\u00a0\u00bb][et_pb_text _builder_version=\u00a0\u00bb4.21.0&Prime; _module_preset=\u00a0\u00bbdefault\u00a0\u00bb text_font_size=\u00a0\u00bb13px\u00a0\u00bb header_font_size=\u00a0\u00bb48px\u00a0\u00bb global_colors_info=\u00a0\u00bb{}\u00a0\u00bb]<h1 style=\"text-align: center\"><strong><span class=\"hero__primary-text\" data-testid=\"hero__primary-text\">Tayea<\/span><\/strong><strong><span dir=\"rtl\">\u00a0<\/span><\/strong><\/h1>\n<h1 style=\"text-align: center\"><strong>\u00a0<\/strong><\/h1>\n<h3 style=\"text-align: center\"><strong><span><\/span><\/strong><\/h3>\n<h3 style=\"text-align: center\"><strong><span><\/span><\/strong><\/h3>\n<h3 style=\"text-align: center\"><strong><span><\/span><\/strong><\/h3>\n<h3 style=\"text-align: center\"><strong><span><\/span><\/strong><\/h3>\n<h3 style=\"text-align: center\"><strong><span>Director: Amr Salama\u00a0 <\/span><span><\/span><\/strong><\/h3>[\/et_pb_text][\/et_pb_column][\/et_pb_row][et_pb_row _builder_version=\u00a0\u00bb4.21.0&Prime; _module_preset=\u00a0\u00bbdefault\u00a0\u00bb global_colors_info=\u00a0\u00bb{}\u00a0\u00bb][et_pb_column type=\u00a0\u00bb4_4&Prime; _builder_version=\u00a0\u00bb4.21.0&Prime; _module_preset=\u00a0\u00bbdefault\u00a0\u00bb global_colors_info=\u00a0\u00bb{}\u00a0\u00bb][et_pb_video src=\u00a0\u00bbhttps:\/\/www.youtube.com\/watch?v=s6uHnhwE5Mo\u00a0\u00bb image_src=\u00a0\u00bbhttps:\/\/gawl.eu\/wp-content\/uploads\/sites\/41\/2025\/02\/3.jpg\u00a0\u00bb _builder_version=\u00a0\u00bb4.27.4&Prime; _module_preset=\u00a0\u00bbdefault\u00a0\u00bb global_colors_info=\u00a0\u00bb{}\u00a0\u00bb][\/et_pb_video][\/et_pb_column][\/et_pb_row][et_pb_row _builder_version=\u00a0\u00bb4.21.0&Prime; _module_preset=\u00a0\u00bbdefault\u00a0\u00bb min_height=\u00a0\u00bb373.5px\u00a0\u00bb global_colors_info=\u00a0\u00bb{}\u00a0\u00bb][et_pb_column type=\u00a0\u00bb4_4&Prime; _builder_version=\u00a0\u00bb4.21.0&Prime; _module_preset=\u00a0\u00bbdefault\u00a0\u00bb global_colors_info=\u00a0\u00bb{}\u00a0\u00bb][et_pb_text _builder_version=\u00a0\u00bb4.27.4&Prime; _module_preset=\u00a0\u00bbdefault\u00a0\u00bb hover_enabled=\u00a0\u00bb0&Prime; global_colors_info=\u00a0\u00bb{}\u00a0\u00bb sticky_enabled=\u00a0\u00bb0&Prime;]<p style=\"text-align: center\"><strong>Synopsis<\/strong>: Tayea, a doctor from Upper Egypt, refuses to take revenge for his father\u2019s death, despite being threatened with death himself. He escapes by deliberately committing a minor crime to get imprisoned. However, he later discovers that his brother is working with the biggest trafficker of ancient Egyptian artifacts, Harby. He then agrees to work as an informant for the police, leaves prison, and infiltrates the artifact trafficking network. He convinces Harby that he is a \"follower,\" capable of detecting the location of artifacts buried in underground tombs.<\/p>\n<p style=\"text-align: center\"><strong>Director<\/strong>: <strong><span class=\"ipc-metadata-list-item__label ipc-metadata-list-item__label--btn\" aria-label=\"See full cast and crew\"><\/span><\/strong>Amr Salama<\/p>\n<p><strong>\u00a0 \u00a0 \u00a0 \u00a0 \u00a0 \u00a0 \u00a0 \u00a0 \u00a0 \u00a0 \u00a0 \u00a0 \u00a0 \u00a0 \u00a0 \u00a0 \u00a0 \u00a0 \u00a0 \u00a0 \u00a0 \u00a0 \u00a0 \u00a0 \u00a0 \u00a0 \u00a0 \u00a0 \u00a0 \u00a0 \u00a0 \u00a0 \u00a0 \u00a0 \u00a0 \u00a0 \u00a0 \u00a0 \u00a0 \u00a0 \u00a0 \u00a0 \u00a0 \u00a0 \u00a0 \u00a0 \u00a0 \u00a0 \u00a0 \u00a0 \u00a0 \u00a0 \u00a0 \u00a0 \u00a0 \u00a0 \u00a0 \u00a0 \u00a0Stars<\/strong>: <strong><span class=\"ipc-metadata-list-item__label ipc-metadata-list-item__label--btn\" aria-label=\"See full cast and crew\"><\/span><\/strong>Amr Youssef &#8211; Saba Mubarak<\/p>\n<p style=\"text-align: center\"><strong>Country<\/strong>: Egypt<\/p>\n<p style=\"text-align: center\"><strong>Genre<\/strong>: TV Series, Crime, Drama, Thriller<\/p>\n<p style=\"text-align: center\"><strong>Number of episodes <\/strong>: 30<\/p>\n<p style=\"text-align: center\"><strong>Duration<\/strong>: 38 min<\/p>\n<p style=\"text-align: center\"><strong>Language<\/strong>: Arabic<\/p>\n<p style=\"text-align: center\"><strong>Subtitles<\/strong>: French, English, Spanish, Italian, German, Dutch<\/p>\n<p style=\"text-align: center\"><strong>Year of production<\/strong>: 2018<\/p>\n<p style=\"text-align: center\"><strong>Production<\/strong>: Magnum Productions<\/p>\n<p style=\"text-align: center\"><\/p>[\/et_pb_text][\/et_pb_column][\/et_pb_row][\/et_pb_section]","protected":false},"excerpt":{"rendered":"<p>Tayea\u00a0 \u00a0 R\u00e9alisateur: Amr Salama\u00a0 Synopsis: Tayea, un m\u00e9decin du Haut-\u00c9gypte, refuse de se venger de la mort de son p\u00e8re, bien qu&rsquo;il soit menac\u00e9 de mort. Il s&rsquo;enfuit en se faisant emprisonner pour un petit crime qu&rsquo;il a commis d\u00e9lib\u00e9r\u00e9ment, jusqu&rsquo;\u00e0 ce qu&rsquo;il d\u00e9couvre que son fr\u00e8re travaille avec le plus grand trafiquant d&rsquo;artefacts [&hellip;]<\/p>","protected":false},"author":4,"featured_media":1641,"parent":0,"menu_order":0,"comment_status":"closed","ping_status":"closed","template":"","meta":{"_et_pb_use_builder":"on","_et_pb_old_content":"","_et_gb_content_width":"","content-type":"","footnotes":""},"class_list":["post-1544","page","type-page","status-publish","has-post-thumbnail","hentry"],"yoast_head":"<!-- This site is optimized with the Yoast SEO Premium plugin v24.4 (Yoast SEO v26.6) - https:\/\/yoast.com\/wordpress\/plugins\/seo\/ -->\n<title>Tayea - GAWL<\/title>\n<meta name=\"description\" content=\"Un jeune officier affronte les trafics d\u2019antiquit\u00e9s et les conflits tribaux dans le Sud de l\u2019\u00c9gypte, au c\u0153ur de la s\u00e9rie Tayea.\" \/>\n<meta name=\"robots\" content=\"index, follow, max-snippet:-1, max-image-preview:large, max-video-preview:-1\" \/>\n<link rel=\"canonical\" href=\"https:\/\/gawl.eu\/en\/tayea\/\" \/>\n<meta property=\"og:locale\" content=\"en_GB\" \/>\n<meta property=\"og:type\" content=\"article\" \/>\n<meta property=\"og:title\" content=\"Tayea\" \/>\n<meta property=\"og:description\" content=\"Un jeune officier affronte les trafics d\u2019antiquit\u00e9s et les conflits tribaux dans le Sud de l\u2019\u00c9gypte, au c\u0153ur de la s\u00e9rie Tayea.\" \/>\n<meta property=\"og:url\" content=\"https:\/\/gawl.eu\/en\/tayea\/\" \/>\n<meta property=\"og:site_name\" content=\"GAWL\" \/>\n<meta property=\"article:modified_time\" content=\"2025-03-26T14:08:20+00:00\" \/>\n<meta property=\"og:image\" content=\"https:\/\/gawl.eu\/wp-content\/uploads\/sites\/41\/2025\/02\/Movie-trailer-thumbnail-2.jpg\" \/>\n\t<meta property=\"og:image:width\" content=\"1920\" \/>\n\t<meta property=\"og:image:height\" content=\"1080\" \/>\n\t<meta property=\"og:image:type\" content=\"image\/jpeg\" \/>\n<meta name=\"twitter:card\" content=\"summary_large_image\" \/>\n<meta name=\"twitter:label1\" content=\"Estimated reading time\" \/>\n\t<meta name=\"twitter:data1\" content=\"1 minute\" \/>\n<script type=\"application\/ld+json\" class=\"yoast-schema-graph\">{\"@context\":\"https:\/\/schema.org\",\"@graph\":[{\"@type\":\"WebPage\",\"@id\":\"https:\/\/gawl.eu\/tayea\/\",\"url\":\"https:\/\/gawl.eu\/tayea\/\",\"name\":\"Tayea - GAWL\",\"isPartOf\":{\"@id\":\"https:\/\/gawl.eu\/#website\"},\"primaryImageOfPage\":{\"@id\":\"https:\/\/gawl.eu\/tayea\/#primaryimage\"},\"image\":{\"@id\":\"https:\/\/gawl.eu\/tayea\/#primaryimage\"},\"thumbnailUrl\":\"https:\/\/gawl.eu\/wp-content\/uploads\/sites\/41\/2025\/02\/Movie-trailer-thumbnail-2.jpg\",\"datePublished\":\"2025-02-03T11:44:26+00:00\",\"dateModified\":\"2025-03-26T14:08:20+00:00\",\"description\":\"Un jeune officier affronte les trafics d\u2019antiquit\u00e9s et les conflits tribaux dans le Sud de l\u2019\u00c9gypte, au c\u0153ur de la s\u00e9rie Tayea.\",\"breadcrumb\":{\"@id\":\"https:\/\/gawl.eu\/tayea\/#breadcrumb\"},\"inLanguage\":\"en-GB\",\"potentialAction\":[{\"@type\":\"ReadAction\",\"target\":[\"https:\/\/gawl.eu\/tayea\/\"]}]},{\"@type\":\"ImageObject\",\"inLanguage\":\"en-GB\",\"@id\":\"https:\/\/gawl.eu\/tayea\/#primaryimage\",\"url\":\"https:\/\/gawl.eu\/wp-content\/uploads\/sites\/41\/2025\/02\/Movie-trailer-thumbnail-2.jpg\",\"contentUrl\":\"https:\/\/gawl.eu\/wp-content\/uploads\/sites\/41\/2025\/02\/Movie-trailer-thumbnail-2.jpg\",\"width\":1920,\"height\":1080},{\"@type\":\"BreadcrumbList\",\"@id\":\"https:\/\/gawl.eu\/tayea\/#breadcrumb\",\"itemListElement\":[{\"@type\":\"ListItem\",\"position\":1,\"name\":\"Home\",\"item\":\"https:\/\/gawl.eu\/\"},{\"@type\":\"ListItem\",\"position\":2,\"name\":\"Tayea\"}]},{\"@type\":\"WebSite\",\"@id\":\"https:\/\/gawl.eu\/#website\",\"url\":\"https:\/\/gawl.eu\/\",\"name\":\"GAWL\",\"description\":\"\",\"publisher\":{\"@id\":\"https:\/\/gawl.eu\/#organization\"},\"potentialAction\":[{\"@type\":\"SearchAction\",\"target\":{\"@type\":\"EntryPoint\",\"urlTemplate\":\"https:\/\/gawl.eu\/?s={search_term_string}\"},\"query-input\":{\"@type\":\"PropertyValueSpecification\",\"valueRequired\":true,\"valueName\":\"search_term_string\"}}],\"inLanguage\":\"en-GB\"},{\"@type\":\"Organization\",\"@id\":\"https:\/\/gawl.eu\/#organization\",\"name\":\"GAWL\",\"url\":\"https:\/\/gawl.eu\/\",\"logo\":{\"@type\":\"ImageObject\",\"inLanguage\":\"en-GB\",\"@id\":\"https:\/\/gawl.eu\/#\/schema\/logo\/image\/\",\"url\":\"https:\/\/gawl.eu\/wp-content\/uploads\/sites\/41\/2022\/05\/Logo-Gawl.ai-2.png\",\"contentUrl\":\"https:\/\/gawl.eu\/wp-content\/uploads\/sites\/41\/2022\/05\/Logo-Gawl.ai-2.png\",\"width\":2000,\"height\":1414,\"caption\":\"GAWL\"},\"image\":{\"@id\":\"https:\/\/gawl.eu\/#\/schema\/logo\/image\/\"}}]}<\/script>\n<!-- \/ Yoast SEO Premium plugin. -->","yoast_head_json":{"title":"Tayea - GAWL","description":"Un jeune officier affronte les trafics d\u2019antiquit\u00e9s et les conflits tribaux dans le Sud de l\u2019\u00c9gypte, au c\u0153ur de la s\u00e9rie Tayea.","robots":{"index":"index","follow":"follow","max-snippet":"max-snippet:-1","max-image-preview":"max-image-preview:large","max-video-preview":"max-video-preview:-1"},"canonical":"https:\/\/gawl.eu\/en\/tayea\/","og_locale":"en_GB","og_type":"article","og_title":"Tayea","og_description":"Un jeune officier affronte les trafics d\u2019antiquit\u00e9s et les conflits tribaux dans le Sud de l\u2019\u00c9gypte, au c\u0153ur de la s\u00e9rie Tayea.","og_url":"https:\/\/gawl.eu\/en\/tayea\/","og_site_name":"GAWL","article_modified_time":"2025-03-26T14:08:20+00:00","og_image":[{"width":1920,"height":1080,"url":"https:\/\/gawl.eu\/wp-content\/uploads\/sites\/41\/2025\/02\/Movie-trailer-thumbnail-2.jpg","type":"image\/jpeg"}],"twitter_card":"summary_large_image","twitter_misc":{"Estimated reading time":"1 minute"},"schema":{"@context":"https:\/\/schema.org","@graph":[{"@type":"WebPage","@id":"https:\/\/gawl.eu\/tayea\/","url":"https:\/\/gawl.eu\/tayea\/","name":"Tayea - GAWL","isPartOf":{"@id":"https:\/\/gawl.eu\/#website"},"primaryImageOfPage":{"@id":"https:\/\/gawl.eu\/tayea\/#primaryimage"},"image":{"@id":"https:\/\/gawl.eu\/tayea\/#primaryimage"},"thumbnailUrl":"https:\/\/gawl.eu\/wp-content\/uploads\/sites\/41\/2025\/02\/Movie-trailer-thumbnail-2.jpg","datePublished":"2025-02-03T11:44:26+00:00","dateModified":"2025-03-26T14:08:20+00:00","description":"Un jeune officier affronte les trafics d\u2019antiquit\u00e9s et les conflits tribaux dans le Sud de l\u2019\u00c9gypte, au c\u0153ur de la s\u00e9rie Tayea.","breadcrumb":{"@id":"https:\/\/gawl.eu\/tayea\/#breadcrumb"},"inLanguage":"en-GB","potentialAction":[{"@type":"ReadAction","target":["https:\/\/gawl.eu\/tayea\/"]}]},{"@type":"ImageObject","inLanguage":"en-GB","@id":"https:\/\/gawl.eu\/tayea\/#primaryimage","url":"https:\/\/gawl.eu\/wp-content\/uploads\/sites\/41\/2025\/02\/Movie-trailer-thumbnail-2.jpg","contentUrl":"https:\/\/gawl.eu\/wp-content\/uploads\/sites\/41\/2025\/02\/Movie-trailer-thumbnail-2.jpg","width":1920,"height":1080},{"@type":"BreadcrumbList","@id":"https:\/\/gawl.eu\/tayea\/#breadcrumb","itemListElement":[{"@type":"ListItem","position":1,"name":"Home","item":"https:\/\/gawl.eu\/"},{"@type":"ListItem","position":2,"name":"Tayea"}]},{"@type":"WebSite","@id":"https:\/\/gawl.eu\/#website","url":"https:\/\/gawl.eu\/","name":"GAWL","description":"","publisher":{"@id":"https:\/\/gawl.eu\/#organization"},"potentialAction":[{"@type":"SearchAction","target":{"@type":"EntryPoint","urlTemplate":"https:\/\/gawl.eu\/?s={search_term_string}"},"query-input":{"@type":"PropertyValueSpecification","valueRequired":true,"valueName":"search_term_string"}}],"inLanguage":"en-GB"},{"@type":"Organization","@id":"https:\/\/gawl.eu\/#organization","name":"GAWL","url":"https:\/\/gawl.eu\/","logo":{"@type":"ImageObject","inLanguage":"en-GB","@id":"https:\/\/gawl.eu\/#\/schema\/logo\/image\/","url":"https:\/\/gawl.eu\/wp-content\/uploads\/sites\/41\/2022\/05\/Logo-Gawl.ai-2.png","contentUrl":"https:\/\/gawl.eu\/wp-content\/uploads\/sites\/41\/2022\/05\/Logo-Gawl.ai-2.png","width":2000,"height":1414,"caption":"GAWL"},"image":{"@id":"https:\/\/gawl.eu\/#\/schema\/logo\/image\/"}}]}},"_links":{"self":[{"href":"https:\/\/gawl.eu\/en\/wp-json\/wp\/v2\/pages\/1544","targetHints":{"allow":["GET"]}}],"collection":[{"href":"https:\/\/gawl.eu\/en\/wp-json\/wp\/v2\/pages"}],"about":[{"href":"https:\/\/gawl.eu\/en\/wp-json\/wp\/v2\/types\/page"}],"author":[{"embeddable":true,"href":"https:\/\/gawl.eu\/en\/wp-json\/wp\/v2\/users\/4"}],"replies":[{"embeddable":true,"href":"https:\/\/gawl.eu\/en\/wp-json\/wp\/v2\/comments?post=1544"}],"version-history":[{"count":7,"href":"https:\/\/gawl.eu\/en\/wp-json\/wp\/v2\/pages\/1544\/revisions"}],"predecessor-version":[{"id":1722,"href":"https:\/\/gawl.eu\/en\/wp-json\/wp\/v2\/pages\/1544\/revisions\/1722"}],"wp:featuredmedia":[{"embeddable":true,"href":"https:\/\/gawl.eu\/en\/wp-json\/wp\/v2\/media\/1641"}],"wp:attachment":[{"href":"https:\/\/gawl.eu\/en\/wp-json\/wp\/v2\/media?parent=1544"}],"curies":[{"name":"wp","href":"https:\/\/api.w.org\/{rel}","templated":true}]}}