{"id":242,"date":"2022-05-17T11:15:05","date_gmt":"2022-05-17T11:15:05","guid":{"rendered":"https:\/\/preprod.gawl.eu\/?page_id=242"},"modified":"2022-05-23T14:05:37","modified_gmt":"2022-05-23T14:05:37","slug":"mentions-legales","status":"publish","type":"page","link":"https:\/\/gawl.eu\/en\/mentions-legales\/","title":{"rendered":"Terms and Conditions"},"content":{"rendered":"[et_pb_section fb_built=\u00a0\u00bb1&Prime; admin_label=\u00a0\u00bbsection\u00a0\u00bb _builder_version=\u00a0\u00bb3.22&Prime;][et_pb_row _builder_version=\u00a0\u00bb4.9.4&Prime; _module_preset=\u00a0\u00bbdefault\u00a0\u00bb][et_pb_column type=\u00a0\u00bb4_4&Prime; _builder_version=\u00a0\u00bb4.9.4&Prime; _module_preset=\u00a0\u00bbdefault\u00a0\u00bb][et_pb_text _builder_version=\u00a0\u00bb4.9.4&Prime; _module_preset=\u00a0\u00bbdefault\u00a0\u00bb text_font=\u00a0\u00bb|600|||||||\u00a0\u00bb width=\u00a0\u00bb100%\u00a0\u00bb max_width=\u00a0\u00bb100%\u00a0\u00bb hover_enabled=\u00a0\u00bb0&Prime; sticky_enabled=\u00a0\u00bb0&Prime;]<div class=\"p-pdf_iframe__page\" aria-label=\"Page\u00a01\" data-page-number=\"1\">\n<h3 class=\"textLayer\"><strong><span role=\"presentation\" dir=\"ltr\">Terms and Conditions<\/span><\/strong><\/h3>\n<div class=\"textLayer\"><br role=\"presentation\" \/><span role=\"presentation\" dir=\"ltr\">These Terms and Conditions of Use (the \u201cLegal Notices\u201d) apply to the GAWL website located at www.gawl.eu. <\/span><span role=\"presentation\" dir=\"ltr\">By using this website, you acknowledge these Terms of Use <\/span><span role=\"presentation\" dir=\"ltr\">and<\/span><span role=\"presentation\" dir=\"ltr\"> accept them <\/span><span role=\"presentation\" dir=\"ltr\">without reservations, <\/span><span role=\"presentation\" dir=\"ltr\">modifications or limitations.<\/span><\/div>\n<div class=\"textLayer\"><br role=\"presentation\" \/><strong><span role=\"presentation\" dir=\"ltr\">1) LEGAL INFORMATION<\/span><\/strong><span role=\"presentation\" dir=\"ltr\">\u00a0<\/span><\/div>\n<ul>\n<li class=\"textLayer translation-block\">\u2022\tWebsite Publishing\nThis website is published by the company GAWL France (RCS Paris No. 904 812 336), whose head office is located at 75 boulevard Haussmann, 75008 Paris. Phone number: +33 182002988, email : contact@gawl.eu.\nThe publication manager of the website is M. C\u00e9dric AOUN.<\/li>\n<li class=\"textLayer translation-block\">\u2022\tWebsite hosting\nThis website is hosted by the company OVH, 2 rue Kellermann, 59100 Roubaix \u2013 APE Code 6202A \u2013 VAT No. FR 22424 761 419.<\/li>\n<\/ul>\n<div class=\"textLayer translation-block\">2) PROTECTION OF PERSONAL DATA\n\n\nIn accordance with the law \u201cLoi Informatique et Libert\u00e9s\u201d No. 78-17 of January 6, 1978, as amended by the law 2004-801 of August 6, 2004 on the protection of individuals with regard to the processing of personal data, the personal data collected on this website and which are subject to computerized processing are registered in the National Commission on Information Technology and Liberties. The data which are collected are exclusively intended for GAWL France.\nBy way of exception, in some cases, GAWL FRANCE may communicate this information to third parties. GAWL FRANCE undertakes in this case to inform you before and to ask for your authorization. Under the law \u201cLoi Informatique et Libert\u00e9s\u201d No. 78-17 of January 6, 1978, you have a right to access, cancel, withdraw and modify the information concerning you.\nYou may exercise this right at any time by sending your request in writing to the company GAWL FRANCE to the following address: 75 boulevard Haussmann 75008 Paris, or to the following e-mail address: contact@gawl.eu<\/div>\n<div class=\"textLayer\"><br role=\"presentation\" \/><strong><span role=\"presentation\" dir=\"ltr\">3) INTELLECTUAL PROPERTY<\/span><span role=\"presentation\" dir=\"ltr\">\u00a0<\/span><\/strong><\/div>\n<div class=\"textLayer\">\n<div class=\"p-pdf_iframe__page\" aria-label=\"Page\u00a04\" data-page-number=\"4\">\n<div class=\"textLayer\">\n<div class=\"p-pdf_iframe__page\" aria-label=\"Page\u00a02\" data-page-number=\"2\">\n<div class=\"textLayer translation-block\">This website and each of its elements, including texts, articles, newsletters, releases, presentations, brochures, illustrations, photographs, videos, computer programs, animations, etc., are the exclusive intellectual property of the company GAWL FRANCE with the exception of third party brands that could be cited.\nAny reproduction, distribution, modification, adaptation, broadcast or publication, even partial, of these different elements is strictly prohibited without the express written consent of GAWL FRANCE.\nThis representation or reproduction, by any ways, is an unauthorized edition which is punished by the L.3335-2 articles and others of the Intellectual Property Code. Failure to comply with this prohibition constitutes a counterfeit that could incur civil and criminal liability of the counterfeiter.\nAll names, brands, distinctive signs reproduced on this website are protected under the trademark law.\nIn accordance with French and international legislation on intellectual property, all copy and\/or utilization in whole or in part of one of the said signs is strictly prohibited, except with the prior written authorization of their owner.<\/div>\n<div class=\"textLayer translation-block\">4) HYPERTEXT LINKS\n\nHypertext links within this website that point to other websites on the internet could not engage the responsibility of GAWL FRANCE concerning their content or the links they contain and their operating conditions. \nGAWL FRANCE is not responsible for the hyperlinks that can point on its website. Any creation by a third of a hypertext link to any of the pages or other elements of this website requires a prior agreement of the company and must be subject to a notification sent by e-mail to contact@gawl.eu. The company GAWL FRANCE reserves the right to request removal of this link.<\/div>\n<div class=\"textLayer translation-block\">This website uses cookies which are files stored on your computer allowing ease of access to the services offered. In no case, may the cookies of this website be used to collect personal data without your express agreement. This information will not be shared outside the company GAWL FRANCE and and its partners and will not be used in unsolicited advertising campaigns. We inform you that you may prevent the registration of these cookies by configuring your computer according to the detailed instructions on the website of the CNIL (National Commission on Information Technology and Liberties): www.cnil.fr<\/div>\n<div class=\"textLayer\"><br role=\"presentation\" \/><strong><span role=\"presentation\" dir=\"ltr\">6) DISPUTES<\/span><span role=\"presentation\" dir=\"ltr\">\u00a0<\/span><\/strong><\/div>\n<div class=\"annotationLayer translation-block\">These conditions are governed by the French laws and any contesting or disputes which could arise from the interpretation or from the execution of these will be the exclusive competence of the courts on which depends the head office of the company GAWL FRANCE.<\/div>\n<\/div>\n<div class=\"p-pdf_iframe__page\" aria-label=\"Page\u00a03\" data-page-number=\"3\">\n<div class=\"textLayer\"><br role=\"presentation\" \/><span role=\"presentation\" dir=\"ltr\">Copyright \u00a9 2022 <\/span><span role=\"presentation\" dir=\"ltr\">GAWL<\/span><span role=\"presentation\" dir=\"ltr\">\u00a0<\/span><span role=\"presentation\" dir=\"ltr\">Terms and Conditions<\/span><\/div>\n<\/div>\n<\/div>\n<\/div>\n<\/div>\n<\/div>[\/et_pb_text][\/et_pb_column][\/et_pb_row][\/et_pb_section]","protected":false},"excerpt":{"rendered":"<p>Mentions l\u00e9gales La navigation sur ce site est soumise aux pr\u00e9sentes conditions d\u2019utilisation. En acc\u00e9dant aux informations mises \u00e0 disposition par GAWL France sur son site Internet, vous reconnaissez avoir pris connaissance des pr\u00e9sentes conditions d\u2019utilisation et les accepter sans r\u00e9serve, modification ou restriction. 1) INFORMATIONS LEGALES\u00a0 Edition du siteCe site est \u00e9dit\u00e9 par la [&hellip;]<\/p>","protected":false},"author":9,"featured_media":0,"parent":0,"menu_order":0,"comment_status":"closed","ping_status":"closed","template":"","meta":{"_et_pb_use_builder":"on","_et_pb_old_content":"<!-- wp:divi\/placeholder \/-->","_et_gb_content_width":"","content-type":"","footnotes":""},"class_list":["post-242","page","type-page","status-publish","hentry"],"yoast_head":"<!-- This site is optimized with the Yoast SEO Premium plugin v24.4 (Yoast SEO v26.6) - https:\/\/yoast.com\/wordpress\/plugins\/seo\/ -->\n<title>Mentions l\u00e9gales - GAWL<\/title>\n<meta name=\"robots\" content=\"index, follow, max-snippet:-1, max-image-preview:large, max-video-preview:-1\" \/>\n<link rel=\"canonical\" href=\"https:\/\/gawl.eu\/en\/mentions-legales\/\" \/>\n<meta property=\"og:locale\" content=\"en_GB\" \/>\n<meta property=\"og:type\" content=\"article\" \/>\n<meta property=\"og:title\" content=\"Mentions l\u00e9gales\" \/>\n<meta property=\"og:description\" content=\"Mentions l\u00e9gales La navigation sur ce site est soumise aux pr\u00e9sentes conditions d\u2019utilisation. En acc\u00e9dant aux informations mises \u00e0 disposition par GAWL France sur son site Internet, vous reconnaissez avoir pris connaissance des pr\u00e9sentes conditions d\u2019utilisation et les accepter sans r\u00e9serve, modification ou restriction. 1) INFORMATIONS LEGALES\u00a0 Edition du siteCe site est \u00e9dit\u00e9 par la [&hellip;]\" \/>\n<meta property=\"og:url\" content=\"https:\/\/gawl.eu\/en\/mentions-legales\/\" \/>\n<meta property=\"og:site_name\" content=\"GAWL\" \/>\n<meta property=\"article:modified_time\" content=\"2022-05-23T14:05:37+00:00\" \/>\n<meta name=\"twitter:card\" content=\"summary_large_image\" \/>\n<meta name=\"twitter:label1\" content=\"Estimated reading time\" \/>\n\t<meta name=\"twitter:data1\" content=\"5 minutes\" \/>\n<script type=\"application\/ld+json\" class=\"yoast-schema-graph\">{\"@context\":\"https:\/\/schema.org\",\"@graph\":[{\"@type\":\"WebPage\",\"@id\":\"https:\/\/gawl.eu\/mentions-legales\/\",\"url\":\"https:\/\/gawl.eu\/mentions-legales\/\",\"name\":\"Mentions l\u00e9gales - GAWL\",\"isPartOf\":{\"@id\":\"https:\/\/gawl.eu\/#website\"},\"datePublished\":\"2022-05-17T11:15:05+00:00\",\"dateModified\":\"2022-05-23T14:05:37+00:00\",\"breadcrumb\":{\"@id\":\"https:\/\/gawl.eu\/mentions-legales\/#breadcrumb\"},\"inLanguage\":\"en-GB\",\"potentialAction\":[{\"@type\":\"ReadAction\",\"target\":[\"https:\/\/gawl.eu\/mentions-legales\/\"]}]},{\"@type\":\"BreadcrumbList\",\"@id\":\"https:\/\/gawl.eu\/mentions-legales\/#breadcrumb\",\"itemListElement\":[{\"@type\":\"ListItem\",\"position\":1,\"name\":\"Home\",\"item\":\"https:\/\/gawl.eu\/\"},{\"@type\":\"ListItem\",\"position\":2,\"name\":\"Mentions l\u00e9gales\"}]},{\"@type\":\"WebSite\",\"@id\":\"https:\/\/gawl.eu\/#website\",\"url\":\"https:\/\/gawl.eu\/\",\"name\":\"GAWL\",\"description\":\"\",\"publisher\":{\"@id\":\"https:\/\/gawl.eu\/#organization\"},\"potentialAction\":[{\"@type\":\"SearchAction\",\"target\":{\"@type\":\"EntryPoint\",\"urlTemplate\":\"https:\/\/gawl.eu\/?s={search_term_string}\"},\"query-input\":{\"@type\":\"PropertyValueSpecification\",\"valueRequired\":true,\"valueName\":\"search_term_string\"}}],\"inLanguage\":\"en-GB\"},{\"@type\":\"Organization\",\"@id\":\"https:\/\/gawl.eu\/#organization\",\"name\":\"GAWL\",\"url\":\"https:\/\/gawl.eu\/\",\"logo\":{\"@type\":\"ImageObject\",\"inLanguage\":\"en-GB\",\"@id\":\"https:\/\/gawl.eu\/#\/schema\/logo\/image\/\",\"url\":\"https:\/\/gawl.eu\/wp-content\/uploads\/sites\/41\/2022\/05\/Logo-Gawl.ai-2.png\",\"contentUrl\":\"https:\/\/gawl.eu\/wp-content\/uploads\/sites\/41\/2022\/05\/Logo-Gawl.ai-2.png\",\"width\":2000,\"height\":1414,\"caption\":\"GAWL\"},\"image\":{\"@id\":\"https:\/\/gawl.eu\/#\/schema\/logo\/image\/\"}}]}<\/script>\n<!-- \/ Yoast SEO Premium plugin. -->","yoast_head_json":{"title":"Mentions l\u00e9gales - GAWL","robots":{"index":"index","follow":"follow","max-snippet":"max-snippet:-1","max-image-preview":"max-image-preview:large","max-video-preview":"max-video-preview:-1"},"canonical":"https:\/\/gawl.eu\/en\/mentions-legales\/","og_locale":"en_GB","og_type":"article","og_title":"Mentions l\u00e9gales","og_description":"Mentions l\u00e9gales La navigation sur ce site est soumise aux pr\u00e9sentes conditions d\u2019utilisation. En acc\u00e9dant aux informations mises \u00e0 disposition par GAWL France sur son site Internet, vous reconnaissez avoir pris connaissance des pr\u00e9sentes conditions d\u2019utilisation et les accepter sans r\u00e9serve, modification ou restriction. 1) INFORMATIONS LEGALES\u00a0 Edition du siteCe site est \u00e9dit\u00e9 par la [&hellip;]","og_url":"https:\/\/gawl.eu\/en\/mentions-legales\/","og_site_name":"GAWL","article_modified_time":"2022-05-23T14:05:37+00:00","twitter_card":"summary_large_image","twitter_misc":{"Estimated reading time":"5 minutes"},"schema":{"@context":"https:\/\/schema.org","@graph":[{"@type":"WebPage","@id":"https:\/\/gawl.eu\/mentions-legales\/","url":"https:\/\/gawl.eu\/mentions-legales\/","name":"Mentions l\u00e9gales - GAWL","isPartOf":{"@id":"https:\/\/gawl.eu\/#website"},"datePublished":"2022-05-17T11:15:05+00:00","dateModified":"2022-05-23T14:05:37+00:00","breadcrumb":{"@id":"https:\/\/gawl.eu\/mentions-legales\/#breadcrumb"},"inLanguage":"en-GB","potentialAction":[{"@type":"ReadAction","target":["https:\/\/gawl.eu\/mentions-legales\/"]}]},{"@type":"BreadcrumbList","@id":"https:\/\/gawl.eu\/mentions-legales\/#breadcrumb","itemListElement":[{"@type":"ListItem","position":1,"name":"Home","item":"https:\/\/gawl.eu\/"},{"@type":"ListItem","position":2,"name":"Mentions l\u00e9gales"}]},{"@type":"WebSite","@id":"https:\/\/gawl.eu\/#website","url":"https:\/\/gawl.eu\/","name":"GAWL","description":"","publisher":{"@id":"https:\/\/gawl.eu\/#organization"},"potentialAction":[{"@type":"SearchAction","target":{"@type":"EntryPoint","urlTemplate":"https:\/\/gawl.eu\/?s={search_term_string}"},"query-input":{"@type":"PropertyValueSpecification","valueRequired":true,"valueName":"search_term_string"}}],"inLanguage":"en-GB"},{"@type":"Organization","@id":"https:\/\/gawl.eu\/#organization","name":"GAWL","url":"https:\/\/gawl.eu\/","logo":{"@type":"ImageObject","inLanguage":"en-GB","@id":"https:\/\/gawl.eu\/#\/schema\/logo\/image\/","url":"https:\/\/gawl.eu\/wp-content\/uploads\/sites\/41\/2022\/05\/Logo-Gawl.ai-2.png","contentUrl":"https:\/\/gawl.eu\/wp-content\/uploads\/sites\/41\/2022\/05\/Logo-Gawl.ai-2.png","width":2000,"height":1414,"caption":"GAWL"},"image":{"@id":"https:\/\/gawl.eu\/#\/schema\/logo\/image\/"}}]}},"_links":{"self":[{"href":"https:\/\/gawl.eu\/en\/wp-json\/wp\/v2\/pages\/242","targetHints":{"allow":["GET"]}}],"collection":[{"href":"https:\/\/gawl.eu\/en\/wp-json\/wp\/v2\/pages"}],"about":[{"href":"https:\/\/gawl.eu\/en\/wp-json\/wp\/v2\/types\/page"}],"author":[{"embeddable":true,"href":"https:\/\/gawl.eu\/en\/wp-json\/wp\/v2\/users\/9"}],"replies":[{"embeddable":true,"href":"https:\/\/gawl.eu\/en\/wp-json\/wp\/v2\/comments?post=242"}],"version-history":[{"count":7,"href":"https:\/\/gawl.eu\/en\/wp-json\/wp\/v2\/pages\/242\/revisions"}],"predecessor-version":[{"id":308,"href":"https:\/\/gawl.eu\/en\/wp-json\/wp\/v2\/pages\/242\/revisions\/308"}],"wp:attachment":[{"href":"https:\/\/gawl.eu\/en\/wp-json\/wp\/v2\/media?parent=242"}],"curies":[{"name":"wp","href":"https:\/\/api.w.org\/{rel}","templated":true}]}}