{"id":931,"date":"2024-09-12T19:15:04","date_gmt":"2024-09-12T19:15:04","guid":{"rendered":"https:\/\/gawl.eu\/?page_id=931"},"modified":"2024-09-13T13:33:52","modified_gmt":"2024-09-13T13:33:52","slug":"tariq-el-ward-test-lecteur","status":"publish","type":"page","link":"https:\/\/gawl.eu\/en\/tariq-el-ward-test-lecteur\/","title":{"rendered":"Tariq El Ward test lecteur"},"content":{"rendered":"<p>[et_pb_section fb_built=\u00a0\u00bb1&Prime; _builder_version=\u00a0\u00bb4.21.0&Prime; _module_preset=\u00a0\u00bbdefault\u00a0\u00bb global_colors_info=\u00a0\u00bb{}\u00a0\u00bb][et_pb_row _builder_version=\u00a0\u00bb4.21.0&Prime; _module_preset=\u00a0\u00bbdefault\u00a0\u00bb global_colors_info=\u00a0\u00bb{}\u00a0\u00bb][et_pb_column type=\u00a0\u00bb4_4&Prime; _builder_version=\u00a0\u00bb4.21.0&Prime; _module_preset=\u00a0\u00bbdefault\u00a0\u00bb global_colors_info=\u00a0\u00bb{}\u00a0\u00bb][et_pb_text _builder_version=\u00a0\u00bb4.21.0&Prime; _module_preset=\u00a0\u00bbdefault\u00a0\u00bb text_font_size=\u00a0\u00bb13px\u00a0\u00bb header_font_size=\u00a0\u00bb48px\u00a0\u00bb global_colors_info=\u00a0\u00bb{}\u00a0\u00bb]<\/p>\n<h1 style=\"text-align: center\"><strong>Tariq El Ward<\/strong><\/h1>\n<h3 style=\"text-align: center\"><strong><span><\/span><\/strong><\/h3>\n<h3 style=\"text-align: center\"><strong><span><\/span><\/strong><\/h3>\n<h3 style=\"text-align: center\"><strong><span><\/span><\/strong><\/h3>\n<h3 style=\"text-align: center\"><strong><span><\/span><\/strong><\/h3>\n<h3 style=\"text-align: center\"><strong><span>Director: Hicham El <\/span><span>Jebbari<\/span><span>\u00a0 <\/span><span><\/span><\/strong><\/h3>\n<p>[\/et_pb_text][\/et_pb_column][\/et_pb_row][et_pb_row _builder_version=\u00a0\u00bb4.21.0&Prime; _module_preset=\u00a0\u00bbdefault\u00a0\u00bb global_colors_info=\u00a0\u00bb{}\u00a0\u00bb][et_pb_column type=\u00a0\u00bb4_4&Prime; _builder_version=\u00a0\u00bb4.21.0&Prime; _module_preset=\u00a0\u00bbdefault\u00a0\u00bb global_colors_info=\u00a0\u00bb{}\u00a0\u00bb][et_pb_video src=\u00a0\u00bbhttps:\/\/gawl.eu\/wp-content\/uploads\/sites\/41\/2024\/09\/\u0637\u0631\u064a\u0642-\u0627\u0644\u0648\u0631\u062f-TRIQ-LWARD-Trailer.mp4&Prime; image_src=\u00a0\u00bbhttps:\/\/gawl.eu\/wp-content\/uploads\/sites\/41\/2024\/09\/tariq_el_ward_thumbnail.jpg\u00a0\u00bb _builder_version=\u00a0\u00bb4.21.0&Prime; _module_preset=\u00a0\u00bbdefault\u00a0\u00bb custom_margin=\u00a0\u00bb32px|||||\u00a0\u00bb global_colors_info=\u00a0\u00bb{}\u00a0\u00bb][\/et_pb_video][et_pb_code _builder_version=\u00a0\u00bb4.21.0&Prime; _module_preset=\u00a0\u00bbdefault\u00a0\u00bb hover_enabled=\u00a0\u00bb0&Prime; global_colors_info=\u00a0\u00bb{}\u00a0\u00bb sticky_enabled=\u00a0\u00bb0&Prime;]<div id=\"wpfp_cb7429a4c86f30d96ccebbcb83821662\" data-item=\"{&quot;sources&quot;:[{&quot;src&quot;:&quot;https:\\\/\\\/gawl.eu\\\/wp-content\\\/uploads\\\/sites\\\/41\\\/2024\\\/09\\\/Tariq-El-Ward-2.mp4&quot;,&quot;type&quot;:&quot;video\\\/mp4&quot;}],&quot;id&quot;:&quot;1&quot;,&quot;splash&quot;:&quot;https:\\\/\\\/gawl.eu\\\/wp-content\\\/uploads\\\/sites\\\/41\\\/2024\\\/09\\\/tariq_el_ward_thumbnail.jpg&quot;,&quot;subtitles&quot;:[{&quot;srclang&quot;:&quot;fr&quot;,&quot;label&quot;:&quot;Fran\\u00e7ais&quot;,&quot;src&quot;:&quot;https:\\\/\\\/gawl.eu\\\/wp-content\\\/uploads\\\/sites\\\/41\\\/2024\\\/09\\\/fr-Tariq-El-Ward.mp4.vtt&quot;,&quot;fv_default&quot;:true},{&quot;srclang&quot;:&quot;ar&quot;,&quot;label&quot;:&quot;\\u0627\\u0644\\u0639\\u0631\\u0628\\u064a\\u0629&quot;,&quot;src&quot;:&quot;https:\\\/\\\/gawl.eu\\\/wp-content\\\/uploads\\\/sites\\\/41\\\/2024\\\/09\\\/Tariq-El-Ward.mp4.vtt&quot;},{&quot;srclang&quot;:&quot;en&quot;,&quot;label&quot;:&quot;English&quot;,&quot;src&quot;:&quot;https:\\\/\\\/gawl.eu\\\/wp-content\\\/uploads\\\/sites\\\/41\\\/2024\\\/09\\\/en-us-fr-Tariq-El-Ward.mp4_EN-US.vtt&quot;},{&quot;srclang&quot;:&quot;es&quot;,&quot;label&quot;:&quot;Espa\\u00f1ol&quot;,&quot;src&quot;:&quot;https:\\\/\\\/gawl.eu\\\/wp-content\\\/uploads\\\/sites\\\/41\\\/2024\\\/09\\\/sp-fr-Tariq-El-Ward.mp4_SP.vtt&quot;},{&quot;srclang&quot;:&quot;it&quot;,&quot;label&quot;:&quot;Italiano&quot;,&quot;src&quot;:&quot;https:\\\/\\\/gawl.eu\\\/wp-content\\\/uploads\\\/sites\\\/41\\\/2024\\\/09\\\/it-fr-Tariq-El-Ward.mp4_IT.vtt&quot;},{&quot;srclang&quot;:&quot;de&quot;,&quot;label&quot;:&quot;Deutsch&quot;,&quot;src&quot;:&quot;https:\\\/\\\/gawl.eu\\\/wp-content\\\/uploads\\\/sites\\\/41\\\/2024\\\/09\\\/de-fr-Tariq-El-Ward.mp4_DE.vtt&quot;},{&quot;srclang&quot;:&quot;nl&quot;,&quot;label&quot;:&quot;Nederlands&quot;,&quot;src&quot;:&quot;https:\\\/\\\/gawl.eu\\\/wp-content\\\/uploads\\\/sites\\\/41\\\/2024\\\/09\\\/nl-fr-Tariq-El-Ward.mp4_NL.vtt&quot;}]}\" class=\"flowplayer no-brand is-splash is-paused skin-slim no-svg fp-slim fp-edgy\" style=\"position:relative; max-width: 1920px; max-height: 1080px; \" data-ratio=\"0.5625\" data-player-id=\"1\" data-fv_stats_data=\"{&quot;player_id&quot;:&quot;1&quot;,&quot;post_id&quot;:931}\">\n\t<div class=\"fp-ratio\" style=\"padding-top: 56.25%\"><\/div>\n\t<img decoding=\"async\" class=\"fp-splash\" alt=\"video\" src=\"https:\/\/gawl.eu\/wp-content\/uploads\/sites\/41\/2024\/09\/tariq_el_ward_thumbnail.jpg\" style=\"position:absolute;top:0;width:100%\" \/>\n\t<div class=\"fp-ui\"><noscript>Please enable JavaScript<\/noscript><div class=\"fp-play fp-visible\"><svg class=\"fp-play-sharp-fill\" xmlns=\"http:\/\/www.w3.org\/2000\/svg\" viewbox=\"0 0 100 100\"><defs><style>.fp-color-play{opacity:0.65;}.controlbutton{fill:#fff;}<\/style><\/defs><title>play-sharp-fill<\/title><path class=\"fp-color-play\" d=\"M49.9217-.078a50,50,0,1,0,50,50A50.0564,50.0564,0,0,0,49.9217-.078Z\"\/><polygon class=\"controlbutton\" points=\"73.601 50 37.968 70.573 37.968 29.427 73.601 50\" filter=\"url(#f1)\"\/><\/svg><\/div><div class=\"fp-preload\"><b><\/b><b><\/b><b><\/b><b><\/b><\/div><\/div>\n<div class='fvp-share-bar'><ul class=\"fvp-sharing\">\r\n    <li><a class=\"sharing-facebook\" href=\"https:\/\/www.facebook.com\/sharer\/sharer.php?u=https%3A%2F%2Fgawl.eu%2Fen%2Ftariq-el-ward-test-lecteur%2F\" target=\"_blank\"><\/a><\/li>\r\n    <li><a class=\"sharing-twitter\" href=\"https:\/\/twitter.com\/intent\/tweet?text=GAWL+&url=https%3A%2F%2Fgawl.eu%2Fen%2Ftariq-el-ward-test-lecteur%2F\" target=\"_blank\"><\/a><\/li>\r\n    <li><a class=\"sharing-email\" href=\"mailto:?body=Check%20out%20the%20amazing%20video%20here%3A%20https%3A%2F%2Fgawl.eu%2Fen%2Ftariq-el-ward-test-lecteur%2F\" target=\"_blank\"><\/a><\/li><\/ul><div><a class=\"sharing-link\" href=\"https:\/\/gawl.eu\/en\/tariq-el-ward-test-lecteur\/\" target=\"_blank\">Link<\/a><\/div><\/div>\n<\/div>\n[\/et_pb_code][\/et_pb_column][\/et_pb_row][et_pb_row _builder_version=\u00a0\u00bb4.21.0&Prime; _module_preset=\u00a0\u00bbdefault\u00a0\u00bb min_height=\u00a0\u00bb373.5px\u00a0\u00bb global_colors_info=\u00a0\u00bb{}\u00a0\u00bb][et_pb_column type=\u00a0\u00bb4_4&Prime; _builder_version=\u00a0\u00bb4.21.0&Prime; _module_preset=\u00a0\u00bbdefault\u00a0\u00bb global_colors_info=\u00a0\u00bb{}\u00a0\u00bb][et_pb_text _builder_version=\u00a0\u00bb4.21.0&Prime; _module_preset=\u00a0\u00bbdefault\u00a0\u00bb global_colors_info=\u00a0\u00bb{}\u00a0\u00bb]<\/p>\n<p style=\"text-align: center;\"><strong>Synopsis<\/strong>:\u00a0<span>This series tells the story of a young village girl with a passion for roses. Faced with a serious family conflict, she is forced to leave her village and try her luck in the city, in search of a brighter future. However, her journey will be filled with unexpected challenges and obstacles.<\/span><\/p>\n<div><\/div>\n<p style=\"text-align: center;\"><strong>Director<\/strong>: <span>Hicham El <\/span><span>Jebbari<\/span><span>\u00a0 <\/span><span><\/span><\/p>\n<p style=\"text-align: center;\"><strong>Country<\/strong>: Morocco<\/p>\n<p style=\"text-align: center;\"><strong>Genre<\/strong>: Drama, Romantic<\/p>\n<p style=\"text-align: center;\"><strong>Number of episodes <\/strong>: 30<\/p>\n<p style=\"text-align: center;\"><strong>Duration<\/strong>: 50 min<\/p>\n<p style=\"text-align: center;\"><strong>Language<\/strong>: Arabic<\/p>\n<p style=\"text-align: center;\"><strong>Subtitles<\/strong>: Arabic, French, English, Spanish, Italian, German, Dutch<\/p>\n<p style=\"text-align: center;\"><strong>Year of production<\/strong>: 2023<\/p>\n<p style=\"text-align: center;\"><strong>Production<\/strong>: Ali\u2019n production<\/p>\n<p style=\"text-align: center;\">[\/et_pb_text][\/et_pb_column][\/et_pb_row][\/et_pb_section]<\/p>","protected":false},"excerpt":{"rendered":"<p>Tariq El Ward R\u00e9alisateur: Hicham El Jebbari\u00a0 <div id=\"wpfp_9678ee69b5a3cc793ac4b70054217f39\" data-item=\"{&quot;sources&quot;:[{&quot;src&quot;:&quot;https:\\\/\\\/gawl.eu\\\/wp-content\\\/uploads\\\/sites\\\/41\\\/2024\\\/09\\\/Tariq-El-Ward-2.mp4&quot;,&quot;type&quot;:&quot;video\\\/mp4&quot;}],&quot;id&quot;:&quot;1&quot;,&quot;splash&quot;:&quot;https:\\\/\\\/gawl.eu\\\/wp-content\\\/uploads\\\/sites\\\/41\\\/2024\\\/09\\\/tariq_el_ward_thumbnail.jpg&quot;,&quot;subtitles&quot;:[{&quot;srclang&quot;:&quot;fr&quot;,&quot;label&quot;:&quot;Fran\\u00e7ais&quot;,&quot;src&quot;:&quot;https:\\\/\\\/gawl.eu\\\/wp-content\\\/uploads\\\/sites\\\/41\\\/2024\\\/09\\\/fr-Tariq-El-Ward.mp4.vtt&quot;,&quot;fv_default&quot;:true},{&quot;srclang&quot;:&quot;ar&quot;,&quot;label&quot;:&quot;\\u0627\\u0644\\u0639\\u0631\\u0628\\u064a\\u0629&quot;,&quot;src&quot;:&quot;https:\\\/\\\/gawl.eu\\\/wp-content\\\/uploads\\\/sites\\\/41\\\/2024\\\/09\\\/Tariq-El-Ward.mp4.vtt&quot;},{&quot;srclang&quot;:&quot;en&quot;,&quot;label&quot;:&quot;English&quot;,&quot;src&quot;:&quot;https:\\\/\\\/gawl.eu\\\/wp-content\\\/uploads\\\/sites\\\/41\\\/2024\\\/09\\\/en-us-fr-Tariq-El-Ward.mp4_EN-US.vtt&quot;},{&quot;srclang&quot;:&quot;es&quot;,&quot;label&quot;:&quot;Espa\\u00f1ol&quot;,&quot;src&quot;:&quot;https:\\\/\\\/gawl.eu\\\/wp-content\\\/uploads\\\/sites\\\/41\\\/2024\\\/09\\\/sp-fr-Tariq-El-Ward.mp4_SP.vtt&quot;},{&quot;srclang&quot;:&quot;it&quot;,&quot;label&quot;:&quot;Italiano&quot;,&quot;src&quot;:&quot;https:\\\/\\\/gawl.eu\\\/wp-content\\\/uploads\\\/sites\\\/41\\\/2024\\\/09\\\/it-fr-Tariq-El-Ward.mp4_IT.vtt&quot;},{&quot;srclang&quot;:&quot;de&quot;,&quot;label&quot;:&quot;Deutsch&quot;,&quot;src&quot;:&quot;https:\\\/\\\/gawl.eu\\\/wp-content\\\/uploads\\\/sites\\\/41\\\/2024\\\/09\\\/de-fr-Tariq-El-Ward.mp4_DE.vtt&quot;},{&quot;srclang&quot;:&quot;nl&quot;,&quot;label&quot;:&quot;Nederlands&quot;,&quot;src&quot;:&quot;https:\\\/\\\/gawl.eu\\\/wp-content\\\/uploads\\\/sites\\\/41\\\/2024\\\/09\\\/nl-fr-Tariq-El-Ward.mp4_NL.vtt&quot;}]}\" class=\"flowplayer no-brand is-splash is-paused skin-slim no-svg fp-slim fp-edgy\" style=\"position:relative; max-width: 1920px; max-height: 1080px; \" data-ratio=\"0.5625\" data-player-id=\"1\" data-fv_stats_data=\"{&quot;player_id&quot;:&quot;1&quot;,&quot;post_id&quot;:931}\">\n\t<div class=\"fp-ratio\" style=\"padding-top: 56.25%\"><\/div>\n\t<img decoding=\"async\" class=\"fp-splash\" alt=\"video\" src=\"https:\/\/gawl.eu\/wp-content\/uploads\/sites\/41\/2024\/09\/tariq_el_ward_thumbnail.jpg\" style=\"position:absolute;top:0;width:100%\" \/>\n\t<div class=\"fp-ui\"><noscript>Please enable JavaScript<\/noscript><div class=\"fp-play fp-visible\"><svg class=\"fp-play-sharp-fill\" xmlns=\"http:\/\/www.w3.org\/2000\/svg\" viewbox=\"0 0 100 100\"><defs><style>.fp-color-play{opacity:0.65;}.controlbutton{fill:#fff;}<\/style><\/defs><title>play-sharp-fill<\/title><path class=\"fp-color-play\" d=\"M49.9217-.078a50,50,0,1,0,50,50A50.0564,50.0564,0,0,0,49.9217-.078Z\"\/><polygon class=\"controlbutton\" points=\"73.601 50 37.968 70.573 37.968 29.427 73.601 50\" filter=\"url(#f1)\"\/><\/svg><\/div><div class=\"fp-preload\"><b><\/b><b><\/b><b><\/b><b><\/b><\/div><\/div>\n<div class='fvp-share-bar'><ul class=\"fvp-sharing\">\r\n    <li><a class=\"sharing-facebook\" href=\"https:\/\/www.facebook.com\/sharer\/sharer.php?u=https%3A%2F%2Fgawl.eu%2Fen%2Ftariq-el-ward-test-lecteur%2F\" target=\"_blank\"><\/a><\/li>\r\n    <li><a class=\"sharing-twitter\" href=\"https:\/\/twitter.com\/intent\/tweet?text=GAWL+&url=https%3A%2F%2Fgawl.eu%2Fen%2Ftariq-el-ward-test-lecteur%2F\" target=\"_blank\"><\/a><\/li>\r\n    <li><a class=\"sharing-email\" href=\"mailto:?body=Check%20out%20the%20amazing%20video%20here%3A%20https%3A%2F%2Fgawl.eu%2Fen%2Ftariq-el-ward-test-lecteur%2F\" target=\"_blank\"><\/a><\/li><\/ul><div><a class=\"sharing-link\" href=\"https:\/\/gawl.eu\/en\/tariq-el-ward-test-lecteur\/\" target=\"_blank\">Link<\/a><\/div><\/div>\n<\/div>\nSynopsis:\u00a0Cette s\u00e9rie relate l&rsquo;histoire d&rsquo;une jeune villageoise, passionn\u00e9e par les roses. Confront\u00e9e \u00e0 un grave conflit familial, elle est forc\u00e9e de quitter son village pour tenter sa chance en ville, \u00e0 la recherche d&rsquo;un avenir plus prometteur. Toutefois, son chemin sera jalonn\u00e9 d&rsquo;obstacles et de d\u00e9fis impr\u00e9vus. [&hellip;]<\/p>","protected":false},"author":1,"featured_media":0,"parent":0,"menu_order":0,"comment_status":"closed","ping_status":"closed","template":"","meta":{"_et_pb_use_builder":"on","_et_pb_old_content":"","_et_gb_content_width":"","content-type":"","footnotes":""},"class_list":["post-931","page","type-page","status-publish","hentry"],"yoast_head":"<!-- This site is optimized with the Yoast SEO Premium plugin v24.4 (Yoast SEO v26.6) - https:\/\/yoast.com\/wordpress\/plugins\/seo\/ -->\n<title>Tariq El Ward test lecteur - GAWL<\/title>\n<meta name=\"robots\" content=\"index, follow, max-snippet:-1, max-image-preview:large, max-video-preview:-1\" \/>\n<link rel=\"canonical\" href=\"https:\/\/gawl.eu\/en\/tariq-el-ward-test-lecteur\/\" \/>\n<meta property=\"og:locale\" content=\"en_GB\" \/>\n<meta property=\"og:type\" content=\"article\" \/>\n<meta property=\"og:title\" content=\"Tariq El Ward test lecteur\" \/>\n<meta property=\"og:description\" content=\"Tariq El Ward R\u00e9alisateur: Hicham El Jebbari\u00a0 Synopsis:\u00a0Cette s\u00e9rie relate l&#039;histoire d&#039;une jeune villageoise, passionn\u00e9e par les roses. Confront\u00e9e \u00e0 un grave conflit familial, elle est forc\u00e9e de quitter son village pour tenter sa chance en ville, \u00e0 la recherche d&#039;un avenir plus prometteur. Toutefois, son chemin sera jalonn\u00e9 d&#039;obstacles et de d\u00e9fis impr\u00e9vus. [&hellip;]\" \/>\n<meta property=\"og:url\" content=\"https:\/\/gawl.eu\/en\/tariq-el-ward-test-lecteur\/\" \/>\n<meta property=\"og:site_name\" content=\"GAWL\" \/>\n<meta property=\"article:modified_time\" content=\"2024-09-13T13:33:52+00:00\" \/>\n<meta name=\"twitter:card\" content=\"summary_large_image\" \/>\n<script type=\"application\/ld+json\" class=\"yoast-schema-graph\">{\"@context\":\"https:\/\/schema.org\",\"@graph\":[{\"@type\":\"WebPage\",\"@id\":\"https:\/\/gawl.eu\/tariq-el-ward-test-lecteur\/\",\"url\":\"https:\/\/gawl.eu\/tariq-el-ward-test-lecteur\/\",\"name\":\"Tariq El Ward test lecteur - GAWL\",\"isPartOf\":{\"@id\":\"https:\/\/gawl.eu\/#website\"},\"datePublished\":\"2024-09-12T19:15:04+00:00\",\"dateModified\":\"2024-09-13T13:33:52+00:00\",\"breadcrumb\":{\"@id\":\"https:\/\/gawl.eu\/tariq-el-ward-test-lecteur\/#breadcrumb\"},\"inLanguage\":\"en-GB\",\"potentialAction\":[{\"@type\":\"ReadAction\",\"target\":[\"https:\/\/gawl.eu\/tariq-el-ward-test-lecteur\/\"]}]},{\"@type\":\"BreadcrumbList\",\"@id\":\"https:\/\/gawl.eu\/tariq-el-ward-test-lecteur\/#breadcrumb\",\"itemListElement\":[{\"@type\":\"ListItem\",\"position\":1,\"name\":\"Home\",\"item\":\"https:\/\/gawl.eu\/\"},{\"@type\":\"ListItem\",\"position\":2,\"name\":\"Tariq El Ward test lecteur\"}]},{\"@type\":\"WebSite\",\"@id\":\"https:\/\/gawl.eu\/#website\",\"url\":\"https:\/\/gawl.eu\/\",\"name\":\"GAWL\",\"description\":\"\",\"publisher\":{\"@id\":\"https:\/\/gawl.eu\/#organization\"},\"potentialAction\":[{\"@type\":\"SearchAction\",\"target\":{\"@type\":\"EntryPoint\",\"urlTemplate\":\"https:\/\/gawl.eu\/?s={search_term_string}\"},\"query-input\":{\"@type\":\"PropertyValueSpecification\",\"valueRequired\":true,\"valueName\":\"search_term_string\"}}],\"inLanguage\":\"en-GB\"},{\"@type\":\"Organization\",\"@id\":\"https:\/\/gawl.eu\/#organization\",\"name\":\"GAWL\",\"url\":\"https:\/\/gawl.eu\/\",\"logo\":{\"@type\":\"ImageObject\",\"inLanguage\":\"en-GB\",\"@id\":\"https:\/\/gawl.eu\/#\/schema\/logo\/image\/\",\"url\":\"https:\/\/gawl.eu\/wp-content\/uploads\/sites\/41\/2022\/05\/Logo-Gawl.ai-2.png\",\"contentUrl\":\"https:\/\/gawl.eu\/wp-content\/uploads\/sites\/41\/2022\/05\/Logo-Gawl.ai-2.png\",\"width\":2000,\"height\":1414,\"caption\":\"GAWL\"},\"image\":{\"@id\":\"https:\/\/gawl.eu\/#\/schema\/logo\/image\/\"}}]}<\/script>\n<!-- \/ Yoast SEO Premium plugin. -->","yoast_head_json":{"title":"Tariq El Ward test lecteur - GAWL","robots":{"index":"index","follow":"follow","max-snippet":"max-snippet:-1","max-image-preview":"max-image-preview:large","max-video-preview":"max-video-preview:-1"},"canonical":"https:\/\/gawl.eu\/en\/tariq-el-ward-test-lecteur\/","og_locale":"en_GB","og_type":"article","og_title":"Tariq El Ward test lecteur","og_description":"Tariq El Ward R\u00e9alisateur: Hicham El Jebbari\u00a0 Synopsis:\u00a0Cette s\u00e9rie relate l'histoire d'une jeune villageoise, passionn\u00e9e par les roses. Confront\u00e9e \u00e0 un grave conflit familial, elle est forc\u00e9e de quitter son village pour tenter sa chance en ville, \u00e0 la recherche d'un avenir plus prometteur. Toutefois, son chemin sera jalonn\u00e9 d'obstacles et de d\u00e9fis impr\u00e9vus. [&hellip;]","og_url":"https:\/\/gawl.eu\/en\/tariq-el-ward-test-lecteur\/","og_site_name":"GAWL","article_modified_time":"2024-09-13T13:33:52+00:00","twitter_card":"summary_large_image","schema":{"@context":"https:\/\/schema.org","@graph":[{"@type":"WebPage","@id":"https:\/\/gawl.eu\/tariq-el-ward-test-lecteur\/","url":"https:\/\/gawl.eu\/tariq-el-ward-test-lecteur\/","name":"Tariq El Ward test lecteur - GAWL","isPartOf":{"@id":"https:\/\/gawl.eu\/#website"},"datePublished":"2024-09-12T19:15:04+00:00","dateModified":"2024-09-13T13:33:52+00:00","breadcrumb":{"@id":"https:\/\/gawl.eu\/tariq-el-ward-test-lecteur\/#breadcrumb"},"inLanguage":"en-GB","potentialAction":[{"@type":"ReadAction","target":["https:\/\/gawl.eu\/tariq-el-ward-test-lecteur\/"]}]},{"@type":"BreadcrumbList","@id":"https:\/\/gawl.eu\/tariq-el-ward-test-lecteur\/#breadcrumb","itemListElement":[{"@type":"ListItem","position":1,"name":"Home","item":"https:\/\/gawl.eu\/"},{"@type":"ListItem","position":2,"name":"Tariq El Ward test lecteur"}]},{"@type":"WebSite","@id":"https:\/\/gawl.eu\/#website","url":"https:\/\/gawl.eu\/","name":"GAWL","description":"","publisher":{"@id":"https:\/\/gawl.eu\/#organization"},"potentialAction":[{"@type":"SearchAction","target":{"@type":"EntryPoint","urlTemplate":"https:\/\/gawl.eu\/?s={search_term_string}"},"query-input":{"@type":"PropertyValueSpecification","valueRequired":true,"valueName":"search_term_string"}}],"inLanguage":"en-GB"},{"@type":"Organization","@id":"https:\/\/gawl.eu\/#organization","name":"GAWL","url":"https:\/\/gawl.eu\/","logo":{"@type":"ImageObject","inLanguage":"en-GB","@id":"https:\/\/gawl.eu\/#\/schema\/logo\/image\/","url":"https:\/\/gawl.eu\/wp-content\/uploads\/sites\/41\/2022\/05\/Logo-Gawl.ai-2.png","contentUrl":"https:\/\/gawl.eu\/wp-content\/uploads\/sites\/41\/2022\/05\/Logo-Gawl.ai-2.png","width":2000,"height":1414,"caption":"GAWL"},"image":{"@id":"https:\/\/gawl.eu\/#\/schema\/logo\/image\/"}}]}},"_links":{"self":[{"href":"https:\/\/gawl.eu\/en\/wp-json\/wp\/v2\/pages\/931","targetHints":{"allow":["GET"]}}],"collection":[{"href":"https:\/\/gawl.eu\/en\/wp-json\/wp\/v2\/pages"}],"about":[{"href":"https:\/\/gawl.eu\/en\/wp-json\/wp\/v2\/types\/page"}],"author":[{"embeddable":true,"href":"https:\/\/gawl.eu\/en\/wp-json\/wp\/v2\/users\/1"}],"replies":[{"embeddable":true,"href":"https:\/\/gawl.eu\/en\/wp-json\/wp\/v2\/comments?post=931"}],"version-history":[{"count":3,"href":"https:\/\/gawl.eu\/en\/wp-json\/wp\/v2\/pages\/931\/revisions"}],"predecessor-version":[{"id":983,"href":"https:\/\/gawl.eu\/en\/wp-json\/wp\/v2\/pages\/931\/revisions\/983"}],"wp:attachment":[{"href":"https:\/\/gawl.eu\/en\/wp-json\/wp\/v2\/media?parent=931"}],"curies":[{"name":"wp","href":"https:\/\/api.w.org\/{rel}","templated":true}]}}